{"id":7229,"date":"2025-12-08T12:33:12","date_gmt":"2025-12-08T12:33:12","guid":{"rendered":"https:\/\/antiquewhite-gazelle-840336.hostingersite.com\/?page_id=7229"},"modified":"2025-12-22T14:01:24","modified_gmt":"2025-12-22T14:01:24","slug":"mentions-legales","status":"publish","type":"page","link":"https:\/\/jh-renov.fr\/?page_id=7229","title":{"rendered":"Mentions l\u00e9gales"},"content":{"rendered":"\t\t<div data-elementor-type=\"wp-page\" data-elementor-id=\"7229\" class=\"elementor elementor-7229\">\n\t\t\t\t<div class=\"elementor-element elementor-element-a57ea21 e-flex e-con-boxed e-con e-parent\" data-id=\"a57ea21\" data-element_type=\"container\">\n\t\t\t\t\t<div class=\"e-con-inner\">\n\t\t\t\t<div class=\"elementor-element elementor-element-92b8f5c elementor-widget elementor-widget-text-editor\" data-id=\"92b8f5c\" data-element_type=\"widget\" data-widget_type=\"text-editor.default\">\n\t\t\t\t\t\t\t\t\t<h3 data-start=\"278\" data-end=\"297\">Mentions l\u00e9gales<\/h3>\n<p data-start=\"299\" data-end=\"788\"><strong data-start=\"299\" data-end=\"318\">\u00c9diteur du site<\/strong><br data-start=\"318\" data-end=\"321\">Nom \/ D\u00e9nomination : JH R\u00c9NOV<br data-start=\"350\" data-end=\"353\">Forme juridique (ex. : entreprise individuelle \/ micro-entreprise \/ SARL \/ etc.) : Entrepreneur individuel<br data-start=\"449\" data-end=\"452\">Adresse du si\u00e8ge \/ domicile : 1 la Jaudronni\u00e8re 85 500 Les Herbiere&nbsp;<br data-start=\"500\" data-end=\"503\">T\u00e9l\u00e9phone : 06 67 19 71 50<br data-start=\"536\" data-end=\"539\">Adresse e-mail : jhrenove@gmail.com<br data-start=\"583\" data-end=\"586\">SIRET \/ SIREN (le cas \u00e9ch\u00e9ant) : SIREN 533 256 731 000 27<br data-start=\"641\" data-end=\"644\"><br data-start=\"717\" data-end=\"720\"><\/p>\n<p data-start=\"790\" data-end=\"891\"><strong data-start=\"790\" data-end=\"823\">Responsable de la publication<\/strong><br data-start=\"823\" data-end=\"826\">Nom et pr\u00e9nom : Josue Hemery<\/p>\n<p data-start=\"893\" data-end=\"1149\"><strong data-start=\"893\" data-end=\"914\">H\u00e9bergeur du site<\/strong><br data-start=\"914\" data-end=\"917\">Nom \/ d\u00e9nomination sociale de l\u2019h\u00e9bergeur : Hostinger<br data-start=\"1021\" data-end=\"1024\">Adresse de l\u2019h\u00e9bergeur :&nbsp;61 Lordou Vironos Street, 6023 Larnaca, Chypre<br data-start=\"1081\" data-end=\"1084\"><br><\/p>\n<p data-start=\"1151\" data-end=\"1290\"><strong data-start=\"1151\" data-end=\"1163\">Activit\u00e9<\/strong><br data-start=\"1163\" data-end=\"1166\">Nature de l\u2019activit\u00e9 exerc\u00e9e : prestations artisanales de r\u00e9novation \/ couverture \/ ravalement \/ etc. (selon vos services)<\/p>\n<hr data-start=\"1292\" data-end=\"1295\">\n<h3 data-start=\"1297\" data-end=\"1327\">Propri\u00e9t\u00e9 intellectuelle<\/h3>\n<p data-start=\"1328\" data-end=\"1680\">Tout le contenu pr\u00e9sent sur ce site (textes, images, illustrations, photographies, vid\u00e9os, ic\u00f4nes, logos, etc.) est la propri\u00e9t\u00e9 exclusive de JH R\u00c9NOV, sauf mention contraire. Toute reproduction, repr\u00e9sentation, modification, publication ou redistribution partielle ou totale des \u00e9l\u00e9ments du site est interdite sans autorisation expresse de JH R\u00c9NOV.<\/p>\n<hr data-start=\"1682\" data-end=\"1685\">\n<h3 data-start=\"1687\" data-end=\"1736\">Donn\u00e9es personnelles &amp; cookies \/ Vie priv\u00e9e<\/h3>\n<p data-start=\"1737\" data-end=\"2141\">En cas de collecte de donn\u00e9es personnelles via un formulaire de contact ou de demande de devis (nom, pr\u00e9nom, e-mail, t\u00e9l\u00e9phone, adresse, etc.), ces donn\u00e9es sont utilis\u00e9es exclusivement dans le cadre de la r\u00e9ponse \u00e0 votre demande, la gestion de la relation client, et la r\u00e9alisation des prestations. Elles ne seront ni vendues ni communiqu\u00e9es \u00e0 des tiers sans votre consentement, sauf obligation l\u00e9gale.<\/p>\n<p data-start=\"2143\" data-end=\"2436\">Conform\u00e9ment au R\u00e8glement g\u00e9n\u00e9ral sur la protection des donn\u00e9es (RGPD), vous disposez des droits suivants : acc\u00e8s, rectification, suppression, limitation, opposition, portabilit\u00e9 de vos donn\u00e9es. Pour exercer ces droits, vous pouvez contacter JH R\u00c9NOV \u00e0 l\u2019adresse e-mail mentionn\u00e9e ci-dessus.<\/p>\n<p data-start=\"2438\" data-end=\"2696\">Si des cookies ou traceurs sont utilis\u00e9s (ex. pour l\u2019analyse de la navigation ou des statistiques), l\u2019utilisateur doit en \u00eatre inform\u00e9, et son consentement recueilli avant leur d\u00e9p\u00f4t lorsqu\u2019ils ne sont pas strictement n\u00e9cessaires au fonctionnement du site.<\/p>\n<hr data-start=\"2698\" data-end=\"2701\">\n<h3 data-start=\"2703\" data-end=\"2723\">Responsabilit\u00e9<\/h3>\n<p data-start=\"2724\" data-end=\"3013\">JH R\u00c9NOV s\u2019efforce d\u2019assurer l\u2019exactitude et la mise \u00e0 jour des informations pr\u00e9sentes sur le site. Toutefois, JH R\u00c9NOV ne garantit pas l\u2019exhaustivit\u00e9, la pr\u00e9cision ou l\u2019actualit\u00e9 des contenus. L\u2019utilisateur reste responsable de l\u2019usage qu\u2019il fait des informations diffus\u00e9es sur le site.<\/p>\n<hr data-start=\"3015\" data-end=\"3018\">\n<h3 data-start=\"3020\" data-end=\"3050\">Loi applicable &amp; litiges<\/h3>\n<p data-start=\"3051\" data-end=\"3201\">Tout litige relatif \u00e0 l\u2019utilisation de ce site est soumis au droit fran\u00e7ais. En cas de contestation, les tribunaux fran\u00e7ais seront seuls comp\u00e9tents.<\/p>\t\t\t\t\t\t\t\t<\/div>\n\t\t\t\t\t<\/div>\n\t\t\t\t<\/div>\n\t\t\t\t<\/div>\n\t\t","protected":false},"excerpt":{"rendered":"<p>Mentions l\u00e9gales \u00c9diteur du siteNom \/ D\u00e9nomination : JH R\u00c9NOVForme juridique (ex. : entreprise individuelle \/ micro-entreprise \/ SARL \/ etc.) : Entrepreneur individuelAdresse du si\u00e8ge \/ domicile : 1 la Jaudronni\u00e8re 85 500 Les Herbiere&nbsp;T\u00e9l\u00e9phone : 06 67 19 71 50Adresse e-mail : jhrenove@gmail.comSIRET \/ SIREN (le cas \u00e9ch\u00e9ant) : SIREN 533 256 731 &hellip;<\/p>\n","protected":false},"author":1,"featured_media":0,"parent":0,"menu_order":0,"comment_status":"closed","ping_status":"closed","template":"","meta":{"_acf_changed":false,"footnotes":""},"class_list":["post-7229","page","type-page","status-publish","hentry"],"acf":[],"_hostinger_reach_plugin_has_subscription_block":false,"_hostinger_reach_plugin_is_elementor":false,"_links":{"self":[{"href":"https:\/\/jh-renov.fr\/index.php?rest_route=\/wp\/v2\/pages\/7229","targetHints":{"allow":["GET"]}}],"collection":[{"href":"https:\/\/jh-renov.fr\/index.php?rest_route=\/wp\/v2\/pages"}],"about":[{"href":"https:\/\/jh-renov.fr\/index.php?rest_route=\/wp\/v2\/types\/page"}],"author":[{"embeddable":true,"href":"https:\/\/jh-renov.fr\/index.php?rest_route=\/wp\/v2\/users\/1"}],"replies":[{"embeddable":true,"href":"https:\/\/jh-renov.fr\/index.php?rest_route=%2Fwp%2Fv2%2Fcomments&post=7229"}],"version-history":[{"count":8,"href":"https:\/\/jh-renov.fr\/index.php?rest_route=\/wp\/v2\/pages\/7229\/revisions"}],"predecessor-version":[{"id":7305,"href":"https:\/\/jh-renov.fr\/index.php?rest_route=\/wp\/v2\/pages\/7229\/revisions\/7305"}],"wp:attachment":[{"href":"https:\/\/jh-renov.fr\/index.php?rest_route=%2Fwp%2Fv2%2Fmedia&parent=7229"}],"curies":[{"name":"wp","href":"https:\/\/api.w.org\/{rel}","templated":true}]}}