{"id":7033,"date":"2025-12-04T16:41:30","date_gmt":"2025-12-04T16:41:30","guid":{"rendered":"https:\/\/antiquewhite-gazelle-840336.hostingersite.com\/?page_id=7033"},"modified":"2025-12-04T16:43:56","modified_gmt":"2025-12-04T16:43:56","slug":"politique-de-confidentialite-rgpd","status":"publish","type":"page","link":"https:\/\/jh-renov.fr\/?page_id=7033","title":{"rendered":"Politique de Confidentialit\u00e9 \/ RGPD"},"content":{"rendered":"\t\t<div data-elementor-type=\"wp-page\" data-elementor-id=\"7033\" class=\"elementor elementor-7033\">\n\t\t\t\t<div class=\"elementor-element elementor-element-bc6c7f4 e-flex e-con-boxed e-con e-parent\" data-id=\"bc6c7f4\" data-element_type=\"container\">\n\t\t\t\t\t<div class=\"e-con-inner\">\n\t\t\t\t<div class=\"elementor-element elementor-element-e14f39e elementor-widget elementor-widget-text-editor\" data-id=\"e14f39e\" data-element_type=\"widget\" data-widget_type=\"text-editor.default\">\n\t\t\t\t\t\t\t\t\t<h3 data-start=\"5396\" data-end=\"5658\">Politique de Confidentialit\u00e9 \/ RGPD<\/h3><p data-start=\"5396\" data-end=\"5658\"><strong data-start=\"5396\" data-end=\"5405\">Objet<\/strong><br data-start=\"5405\" data-end=\"5408\" \/>La pr\u00e9sente politique a pour but d\u2019informer les utilisateurs du Site de la mani\u00e8re dont leurs donn\u00e9es \u00e0 caract\u00e8re personnel sont trait\u00e9es, conform\u00e9ment au R\u00e8glement g\u00e9n\u00e9ral sur la protection des donn\u00e9es (RGPD). <span class=\"\" data-state=\"closed\"><span class=\"ms-1 inline-flex max-w-full items-center relative top-[-0.094rem] animate-[show_150ms_ease-in]\" data-testid=\"webpage-citation-pill\"><a class=\"flex h-4.5 overflow-hidden rounded-xl px-2 text-[9px] font-medium transition-colors duration-150 ease-in-out text-token-text-secondary! bg-[#F4F4F4]! dark:bg-[#303030]!\" href=\"https:\/\/stephane-bonjean.com\/conditions-generales-de-vente\/?utm_source=chatgpt.com\" target=\"_blank\" rel=\"noopener\"><span class=\"relative start-0 bottom-0 flex h-full w-full items-center\"><span class=\"flex h-4 w-full items-center justify-between\"><span class=\"max-w-[15ch] grow truncate overflow-hidden text-center\">Domaine St\u00e9phane Bonjean<\/span><span class=\"-me-1 flex h-full items-center rounded-full px-1 text-[#8F8F8F]\">+2<\/span><\/span><span class=\"flex h-4 w-full items-center justify-between absolute\"><span class=\"max-w-[15ch] grow truncate overflow-hidden text-center\">djosolutions.fr<\/span><span class=\"-me-1 flex h-full items-center rounded-full px-1 text-[#8F8F8F]\">+2<\/span><\/span><\/span><\/a><\/span><\/span><\/p><p data-start=\"5660\" data-end=\"5680\"><strong data-start=\"5660\" data-end=\"5678\">1. D\u00e9finitions<\/strong><\/p><ul data-start=\"5681\" data-end=\"5971\"><li data-start=\"5681\" data-end=\"5890\"><p data-start=\"5683\" data-end=\"5890\">\u00ab Donn\u00e9es personnelles \u00bb : toute information permettant d\u2019identifier une personne physique (nom, pr\u00e9nom, adresse e-mail, adresse postale, t\u00e9l\u00e9phone, adresse IP, etc.). <span class=\"\" data-state=\"closed\"><span class=\"ms-1 inline-flex max-w-full items-center relative top-[-0.094rem] animate-[show_150ms_ease-in]\" data-testid=\"webpage-citation-pill\"><a class=\"flex h-4.5 overflow-hidden rounded-xl px-2 text-[9px] font-medium transition-colors duration-150 ease-in-out text-token-text-secondary! bg-[#F4F4F4]! dark:bg-[#303030]!\" href=\"https:\/\/agora86.com\/rgpd\/?utm_source=chatgpt.com\" target=\"_blank\" rel=\"noopener\"><span class=\"relative start-0 bottom-0 flex h-full w-full items-center\"><span class=\"flex h-4 w-full items-center justify-between\"><span class=\"max-w-[15ch] grow truncate overflow-hidden text-center\">agora86.com<\/span><span class=\"-me-1 flex h-full items-center rounded-full px-1 text-[#8F8F8F]\">+1<\/span><\/span><\/span><\/a><\/span><\/span><\/p><\/li><li data-start=\"5891\" data-end=\"5971\"><p data-start=\"5893\" data-end=\"5971\">\u00ab Utilisateur \u00bb : toute personne acc\u00e9dant au Site ou utilisant ses services.<\/p><\/li><\/ul><p data-start=\"5973\" data-end=\"6161\"><strong data-start=\"5973\" data-end=\"6005\">2. Responsable du traitement<\/strong><br data-start=\"6005\" data-end=\"6008\" \/>Le responsable du traitement est JH R\u00c9NOV, [adresse compl\u00e8te]. Pour toute question relative \u00e0 vos donn\u00e9es, vous pouvez contacter : [e-mail de contact].<\/p><p data-start=\"6163\" data-end=\"6456\"><strong data-start=\"6163\" data-end=\"6188\">3. Donn\u00e9es collect\u00e9es<\/strong><br data-start=\"6188\" data-end=\"6191\" \/>Lorsque vous demandez un devis, contactez l\u2019entreprise ou remplissez un formulaire, les donn\u00e9es collect\u00e9es peuvent inclure : nom, pr\u00e9nom, adresse e-mail, num\u00e9ro de t\u00e9l\u00e9phone, adresse postale (si n\u00e9cessaire), et toutes donn\u00e9es pertinentes \u00e0 la prestation demand\u00e9e.<\/p><p data-start=\"6458\" data-end=\"6490\"><strong data-start=\"6458\" data-end=\"6488\">4. Finalit\u00e9s du traitement<\/strong><\/p><ul data-start=\"6491\" data-end=\"6736\"><li data-start=\"6491\" data-end=\"6551\"><p data-start=\"6493\" data-end=\"6551\">R\u00e9pondre \u00e0 vos demandes (devis, contact, informations) ;<\/p><\/li><li data-start=\"6552\" data-end=\"6604\"><p data-start=\"6554\" data-end=\"6604\">G\u00e9rer la relation client, le suivi de chantier ;<\/p><\/li><li data-start=\"6605\" data-end=\"6683\"><p data-start=\"6607\" data-end=\"6683\">\u00c9ventuellement vous recontacter pour des questions li\u00e9es \u00e0 la prestation ;<\/p><\/li><li data-start=\"6684\" data-end=\"6736\"><p data-start=\"6686\" data-end=\"6736\">Respecter les obligations l\u00e9gales et comptables.<\/p><\/li><\/ul><p data-start=\"6738\" data-end=\"6900\"><strong data-start=\"6738\" data-end=\"6756\">5. Base l\u00e9gale<\/strong><br data-start=\"6756\" data-end=\"6759\" \/>Le traitement est bas\u00e9 sur votre consentement (lors de la demande de devis ou contact), ou sur l\u2019ex\u00e9cution d\u2019un contrat en cas de commande.<\/p><p data-start=\"6902\" data-end=\"7081\"><strong data-start=\"6902\" data-end=\"6934\">6. Destinataires des donn\u00e9es<\/strong><br data-start=\"6934\" data-end=\"6937\" \/>Les donn\u00e9es sont destin\u00e9es \u00e0 JH R\u00c9NOV. Elles ne sont pas communiqu\u00e9es \u00e0 des tiers sauf si n\u00e9cessaire (sous-traitant, organismes l\u00e9gaux, etc.).<\/p><p data-start=\"7083\" data-end=\"7283\"><strong data-start=\"7083\" data-end=\"7111\">7. Dur\u00e9e de conservation<\/strong><br data-start=\"7111\" data-end=\"7114\" \/>Les donn\u00e9es seront conserv\u00e9es le temps n\u00e9cessaire \u00e0 la gestion de la relation client et du chantier, puis archiv\u00e9es ou supprim\u00e9es conform\u00e9ment aux obligations l\u00e9gales.<\/p><p data-start=\"7285\" data-end=\"7370\"><strong data-start=\"7285\" data-end=\"7323\">8. Droits des personnes concern\u00e9es<\/strong><br data-start=\"7323\" data-end=\"7326\" \/>Conform\u00e9ment au RGPD, vous avez le droit :<\/p><ul data-start=\"7371\" data-end=\"7693\"><li data-start=\"7371\" data-end=\"7399\"><p data-start=\"7373\" data-end=\"7399\">d\u2019acc\u00e9der \u00e0 vos donn\u00e9es,<\/p><\/li><li data-start=\"7400\" data-end=\"7463\"><p data-start=\"7402\" data-end=\"7463\">de demander leur rectification, mise \u00e0 jour ou suppression,<\/p><\/li><li data-start=\"7464\" data-end=\"7495\"><p data-start=\"7466\" data-end=\"7495\">de demander la portabilit\u00e9,<\/p><\/li><li data-start=\"7496\" data-end=\"7561\"><p data-start=\"7498\" data-end=\"7561\">de vous opposer au traitement ou d\u2019en demander la limitation,<\/p><\/li><li data-start=\"7562\" data-end=\"7693\"><p data-start=\"7564\" data-end=\"7693\">de retirer votre consentement \u00e0 tout moment lorsque le traitement est fond\u00e9 sur celui-ci. <span class=\"\" data-state=\"closed\"><span class=\"ms-1 inline-flex max-w-full items-center relative top-[-0.094rem] animate-[show_150ms_ease-in]\" data-testid=\"webpage-citation-pill\"><a class=\"flex h-4.5 overflow-hidden rounded-xl px-2 text-[9px] font-medium transition-colors duration-150 ease-in-out text-token-text-secondary! bg-[#F4F4F4]! dark:bg-[#303030]!\" href=\"https:\/\/stephane-bonjean.com\/conditions-generales-de-vente\/?utm_source=chatgpt.com\" target=\"_blank\" rel=\"noopener\"><span class=\"relative start-0 bottom-0 flex h-full w-full items-center\"><span class=\"flex h-4 w-full items-center justify-between\"><span class=\"max-w-[15ch] grow truncate overflow-hidden text-center\">Domaine St\u00e9phane Bonjean<\/span><span class=\"-me-1 flex h-full items-center rounded-full px-1 text-[#8F8F8F]\">+1<\/span><\/span><\/span><\/a><\/span><\/span><\/p><\/li><\/ul><p data-start=\"7695\" data-end=\"7911\"><strong data-start=\"7695\" data-end=\"7729\">9. S\u00e9curit\u00e9 et confidentialit\u00e9<\/strong><br data-start=\"7729\" data-end=\"7732\" \/>JH R\u00c9NOV s\u2019engage \u00e0 prendre les mesures techniques et organisationnelles appropri\u00e9es pour prot\u00e9ger vos donn\u00e9es contre toute perte, alt\u00e9ration, acc\u00e8s non autoris\u00e9 ou divulgation.<\/p><p data-start=\"7913\" data-end=\"8163\"><strong data-start=\"7913\" data-end=\"7953\">10. Cookies \/ suivi (le cas \u00e9ch\u00e9ant)<\/strong><br data-start=\"7953\" data-end=\"7956\" \/>Si le Site utilise des cookies ou tout autre dispositif de suivi, vous devez en informer les utilisateurs, obtenir leur consentement, et leur permettre de les refuser. <span class=\"\" data-state=\"closed\"><span class=\"ms-1 inline-flex max-w-full items-center relative top-[-0.094rem] animate-[show_150ms_ease-in]\" data-testid=\"webpage-citation-pill\"><a class=\"flex h-4.5 overflow-hidden rounded-xl px-2 text-[9px] font-medium transition-colors duration-150 ease-in-out text-token-text-secondary! bg-[#F4F4F4]! dark:bg-[#303030]!\" href=\"https:\/\/fr.wordpress.org\/plugins\/complianz-gdpr\/?utm_source=chatgpt.com\" target=\"_blank\" rel=\"noopener\"><span class=\"relative start-0 bottom-0 flex h-full w-full items-center\"><span class=\"flex h-4 w-full items-center justify-between\"><span class=\"max-w-[15ch] grow truncate overflow-hidden text-center\">WordPress.org Fran\u00e7ais<\/span><span class=\"-me-1 flex h-full items-center rounded-full px-1 text-[#8F8F8F]\">+1<\/span><\/span><\/span><\/a><\/span><\/span><\/p><p data-start=\"8165\" data-end=\"8408\"><strong data-start=\"8165\" data-end=\"8201\">11. Modification de la politique<\/strong><br data-start=\"8201\" data-end=\"8204\" \/>JH R\u00c9NOV se r\u00e9serve le droit de modifier cette politique de confidentialit\u00e9 \u00e0 tout moment. La date de la \u00ab derni\u00e8re mise \u00e0 jour \u00bb sera modifi\u00e9e, et l\u2019utilisateur est invit\u00e9 \u00e0 la consulter r\u00e9guli\u00e8rement.<\/p>\t\t\t\t\t\t\t\t<\/div>\n\t\t\t\t\t<\/div>\n\t\t\t\t<\/div>\n\t\t\t\t<\/div>\n\t\t","protected":false},"excerpt":{"rendered":"<p>Politique de Confidentialit\u00e9 \/ RGPD ObjetLa pr\u00e9sente politique a pour but d\u2019informer les utilisateurs du Site de la mani\u00e8re dont leurs donn\u00e9es \u00e0 caract\u00e8re personnel sont trait\u00e9es, conform\u00e9ment au R\u00e8glement g\u00e9n\u00e9ral sur la protection des donn\u00e9es (RGPD). Domaine St\u00e9phane Bonjean+2djosolutions.fr+2 1. D\u00e9finitions \u00ab Donn\u00e9es personnelles \u00bb : toute information permettant d\u2019identifier une personne physique (nom, &hellip;<\/p>\n","protected":false},"author":1,"featured_media":0,"parent":0,"menu_order":0,"comment_status":"closed","ping_status":"closed","template":"","meta":{"_acf_changed":false,"footnotes":""},"class_list":["post-7033","page","type-page","status-publish","hentry"],"acf":[],"_hostinger_reach_plugin_has_subscription_block":false,"_hostinger_reach_plugin_is_elementor":false,"_links":{"self":[{"href":"https:\/\/jh-renov.fr\/index.php?rest_route=\/wp\/v2\/pages\/7033","targetHints":{"allow":["GET"]}}],"collection":[{"href":"https:\/\/jh-renov.fr\/index.php?rest_route=\/wp\/v2\/pages"}],"about":[{"href":"https:\/\/jh-renov.fr\/index.php?rest_route=\/wp\/v2\/types\/page"}],"author":[{"embeddable":true,"href":"https:\/\/jh-renov.fr\/index.php?rest_route=\/wp\/v2\/users\/1"}],"replies":[{"embeddable":true,"href":"https:\/\/jh-renov.fr\/index.php?rest_route=%2Fwp%2Fv2%2Fcomments&post=7033"}],"version-history":[{"count":4,"href":"https:\/\/jh-renov.fr\/index.php?rest_route=\/wp\/v2\/pages\/7033\/revisions"}],"predecessor-version":[{"id":7037,"href":"https:\/\/jh-renov.fr\/index.php?rest_route=\/wp\/v2\/pages\/7033\/revisions\/7037"}],"wp:attachment":[{"href":"https:\/\/jh-renov.fr\/index.php?rest_route=%2Fwp%2Fv2%2Fmedia&parent=7033"}],"curies":[{"name":"wp","href":"https:\/\/api.w.org\/{rel}","templated":true}]}}