{"id":7023,"date":"2025-12-04T16:33:17","date_gmt":"2025-12-04T16:33:17","guid":{"rendered":"https:\/\/antiquewhite-gazelle-840336.hostingersite.com\/?page_id=7023"},"modified":"2025-12-05T17:17:31","modified_gmt":"2025-12-05T17:17:31","slug":"conditions-generales-dutilisation-cgu","status":"publish","type":"page","link":"https:\/\/jh-renov.fr\/?page_id=7023","title":{"rendered":"Conditions G\u00e9n\u00e9rales d&#8217;Utilisation (CGU)"},"content":{"rendered":"\t\t<div data-elementor-type=\"wp-page\" data-elementor-id=\"7023\" class=\"elementor elementor-7023\">\n\t\t\t\t<div class=\"elementor-element elementor-element-7d557292 e-flex e-con-boxed e-con e-parent\" data-id=\"7d557292\" data-element_type=\"container\">\n\t\t\t\t\t<div class=\"e-con-inner\">\n\t\t\t\t<div class=\"elementor-element elementor-element-53f6720e elementor-widget elementor-widget-text-editor\" data-id=\"53f6720e\" data-element_type=\"widget\" data-widget_type=\"text-editor.default\">\n\t\t\t\t\t\t\t\t\t\n<h3>Conditions G\u00e9n\u00e9rales d\u2019Utilisation (CGU)<\/h3>\n<p><strong>Pr\u00e9ambule<\/strong><br \/>Le site <a href=\"https:\/\/jh-renov..fr\">https:\/\/jh-renov..fr<\/a> (ci-apr\u00e8s \u00ab le Site \u00bb) est \u00e9dit\u00e9 par JH R\u00c9NOV, dont le si\u00e8ge social est : 1 La Jaudronniere 85500 Les Herbiers. En acc\u00e9dant et en naviguant sur ce Site, vous reconnaissez avoir lu, compris et accept\u00e9 les pr\u00e9sentes Conditions G\u00e9n\u00e9rales d\u2019Utilisation.<\/p>\n\n<p><strong>Article 1 \u2014 Objet<\/strong><br \/>Les pr\u00e9sentes conditions ont pour objet de d\u00e9finir les modalit\u00e9s et conditions d\u2019acc\u00e8s et d\u2019utilisation du Site, de ses contenus, services, fonctionnalit\u00e9s et informations (textes, images, donn\u00e9es de contact, formulaire de devis, etc.).<\/p>\n\n<p><strong>Article 2 \u2014 Acceptation des conditions<\/strong><br \/>L\u2019utilisateur reconna\u00eet que l\u2019acc\u00e8s ou l\u2019utilisation du Site vaut acceptation des pr\u00e9sentes CGU. Si vous n\u2019acceptez pas ces conditions, vous devez cesser toute utilisation du Site imm\u00e9diatement.<\/p>\n\n<p><strong>Article 3 \u2014 Propri\u00e9t\u00e9 intellectuelle<\/strong><br \/>Le contenu du Site (textes, images, graphismes, structure, code HTML, etc.) est prot\u00e9g\u00e9 par le droit de la propri\u00e9t\u00e9 intellectuelle. Toute reproduction, repr\u00e9sentation, modification, publication, transmission ou d\u00e9naturation, totale ou partielle, du contenu est interdite, sauf autorisation expresse de JH R\u00c9NOV. <a href=\"https:\/\/www.balteaugroup.eu\/wp-content\/uploads\/2019\/03\/conditions_generales_RGPD.pdf?utm_source=chatgpt.com\" target=\"_blank\" rel=\"noreferrer noopener\">Balteau Group+2caurisandco+2<\/a><\/p>\n\n<p><strong>Article 4 \u2014 Acc\u00e8s au site<\/strong><br \/>Le Site est accessible 24h\/24 \u2013 7j\/7, sauf interruption pour maintenance, mise \u00e0 jour ou force majeure. JH R\u00c9NOV ne peut garantir une disponibilit\u00e9 permanente, et n\u2019est pas responsable des cons\u00e9quences d\u2019une interruption du service. <a href=\"https:\/\/djosolutions.fr\/rgpd-politique-de-confidentialite-des-donnees-personnelles\/?utm_source=chatgpt.com\" target=\"_blank\" rel=\"noreferrer noopener\">djosolutions.fr+1<\/a><\/p>\n\n<p><strong>Article 5 \u2014 Responsabilit\u00e9s<\/strong><br \/>L\u2019utilisateur s\u2019engage \u00e0 utiliser le Site conform\u00e9ment aux lois en vigueur, \u00e0 ne pas perturber son fonctionnement, et \u00e0 ne pas porter atteinte aux droits de tiers. Le Site ne peut \u00eatre tenu pour responsable des dommages directs ou indirects li\u00e9s \u00e0 l\u2019acc\u00e8s ou \u00e0 l\u2019utilisation du Site.<\/p>\n\n<p><strong>Article 6 \u2014 Modification des CGU<\/strong><br \/>JH R\u00c9NOV se r\u00e9serve le droit de modifier les pr\u00e9sentes CGU \u00e0 tout moment. Les modifications prendront effet d\u00e8s leur publication sur le Site. L\u2019utilisateur est invit\u00e9 \u00e0 consulter r\u00e9guli\u00e8rement les CGU. <a href=\"https:\/\/termly.io\/fr\/ressources\/modeles\/petites-entreprises-modele-de-conditions-d-utilisation\/?utm_source=chatgpt.com\" target=\"_blank\" rel=\"noreferrer noopener\">Termly+1<\/a><\/p>\n\n<p><strong>Article 7 \u2014 Droit applicable et juridiction comp\u00e9tente<\/strong><br \/>Les pr\u00e9sentes CGU sont soumises au droit fran\u00e7ais. En cas de litige, seuls les tribunaux fran\u00e7ais seront comp\u00e9tents.<\/p>\n\t\t\t\t\t\t\t\t<\/div>\n\t\t\t\t\t<\/div>\n\t\t\t\t<\/div>\n\t\t\t\t<\/div>\n\t\t","protected":false},"excerpt":{"rendered":"<p>Conditions G\u00e9n\u00e9rales d\u2019Utilisation (CGU) Pr\u00e9ambuleLe site https:\/\/jh-renov..fr (ci-apr\u00e8s \u00ab le Site \u00bb) est \u00e9dit\u00e9 par JH R\u00c9NOV, dont le si\u00e8ge social est : 1 La Jaudronniere 85500 Les Herbiers. En acc\u00e9dant et en naviguant sur ce Site, vous reconnaissez avoir lu, compris et accept\u00e9 les pr\u00e9sentes Conditions G\u00e9n\u00e9rales d\u2019Utilisation. Article 1 \u2014 ObjetLes pr\u00e9sentes conditions &hellip;<\/p>\n","protected":false},"author":1,"featured_media":0,"parent":0,"menu_order":0,"comment_status":"closed","ping_status":"closed","template":"","meta":{"_acf_changed":false,"footnotes":""},"class_list":["post-7023","page","type-page","status-publish","hentry"],"acf":[],"_hostinger_reach_plugin_has_subscription_block":false,"_hostinger_reach_plugin_is_elementor":false,"_links":{"self":[{"href":"https:\/\/jh-renov.fr\/index.php?rest_route=\/wp\/v2\/pages\/7023","targetHints":{"allow":["GET"]}}],"collection":[{"href":"https:\/\/jh-renov.fr\/index.php?rest_route=\/wp\/v2\/pages"}],"about":[{"href":"https:\/\/jh-renov.fr\/index.php?rest_route=\/wp\/v2\/types\/page"}],"author":[{"embeddable":true,"href":"https:\/\/jh-renov.fr\/index.php?rest_route=\/wp\/v2\/users\/1"}],"replies":[{"embeddable":true,"href":"https:\/\/jh-renov.fr\/index.php?rest_route=%2Fwp%2Fv2%2Fcomments&post=7023"}],"version-history":[{"count":5,"href":"https:\/\/jh-renov.fr\/index.php?rest_route=\/wp\/v2\/pages\/7023\/revisions"}],"predecessor-version":[{"id":7059,"href":"https:\/\/jh-renov.fr\/index.php?rest_route=\/wp\/v2\/pages\/7023\/revisions\/7059"}],"wp:attachment":[{"href":"https:\/\/jh-renov.fr\/index.php?rest_route=%2Fwp%2Fv2%2Fmedia&parent=7023"}],"curies":[{"name":"wp","href":"https:\/\/api.w.org\/{rel}","templated":true}]}}