{"id":3394,"date":"2024-03-29T05:20:28","date_gmt":"2024-03-29T05:20:28","guid":{"rendered":"https:\/\/xml-io.proteusthemes.com\/buildpress-elementor\/?page_id=3394"},"modified":"2025-12-07T14:05:04","modified_gmt":"2025-12-07T14:05:04","slug":"couverture","status":"publish","type":"page","link":"https:\/\/jh-renov.fr\/?page_id=3394","title":{"rendered":"Couverture"},"content":{"rendered":"\t\t<div data-elementor-type=\"wp-page\" data-elementor-id=\"3394\" class=\"elementor elementor-3394\">\n\t\t\t\t\t\t<section class=\"elementor-section elementor-top-section elementor-element elementor-element-e6446c4 elementor-section-stretched elementor-section-boxed elementor-section-height-default elementor-section-height-default\" data-id=\"e6446c4\" data-element_type=\"section\" data-settings=\"{&quot;stretch_section&quot;:&quot;section-stretched&quot;,&quot;background_background&quot;:&quot;classic&quot;}\">\n\t\t\t\t\t\t<div class=\"elementor-container elementor-column-gap-default\">\n\t\t\t\t\t<div class=\"elementor-column elementor-col-100 elementor-top-column elementor-element elementor-element-c4d2fb7\" data-id=\"c4d2fb7\" data-element_type=\"column\">\n\t\t\t<div class=\"elementor-widget-wrap elementor-element-populated\">\n\t\t\t\t\t\t<div class=\"elementor-element elementor-element-a6b38b0 elementor-widget elementor-widget-heading\" data-id=\"a6b38b0\" data-element_type=\"widget\" data-widget_type=\"heading.default\">\n\t\t\t\t\t<h1 class=\"elementor-heading-title elementor-size-default\">Condo Remodeling<\/h1>\t\t\t\t<\/div>\n\t\t\t\t\t<\/div>\n\t\t<\/div>\n\t\t\t\t\t<\/div>\n\t\t<\/section>\n\t\t\t\t<section class=\"elementor-section elementor-top-section elementor-element elementor-element-b728414 elementor-section-stretched elementor-section-boxed elementor-section-height-default elementor-section-height-default\" data-id=\"b728414\" data-element_type=\"section\" data-settings=\"{&quot;stretch_section&quot;:&quot;section-stretched&quot;}\">\n\t\t\t\t\t\t<div class=\"elementor-container elementor-column-gap-default\">\n\t\t\t\t\t<div class=\"elementor-column elementor-col-100 elementor-top-column elementor-element elementor-element-8abb805\" data-id=\"8abb805\" data-element_type=\"column\">\n\t\t\t<div class=\"elementor-widget-wrap elementor-element-populated\">\n\t\t\t\t\t\t<div class=\"elementor-element elementor-element-21d7f78 elementor-widget__width-auto elementor-widget-mobile__width-auto elementor-widget elementor-widget-hfe-site-title\" data-id=\"21d7f78\" data-element_type=\"widget\" data-widget_type=\"hfe-site-title.default\">\n\t\t\t\t<div class=\"elementor-widget-container\">\n\t\t\t\t\t\n\t\t<div class=\"hfe-module-content hfe-heading-wrapper elementor-widget-heading\">\n\t\t\t\t\t\t\t<a href=\"https:\/\/jh-renov.fr\">\n\t\t\t\t\t\t\t<h2 class=\"hfe-heading elementor-heading-title elementor-size-default\">\n\t\t\t\t\t\t\t\t\t<span class=\"hfe-heading-text\" >\n\t\t\t\t\t\t\t\t\t\tJH Renov Artisan Couvreur\t\t\t\t\t\t\t\t\t\t<\/span>\t\t\t\n\t\t\t<\/h2>\n\t\t\t<\/a>\t\t\n\t\t<\/div>\n\t\t\t\t\t\t<\/div>\n\t\t\t\t<\/div>\n\t\t\t\t<div class=\"elementor-element elementor-element-1ef7234 elementor-widget__width-initial elementor-widget elementor-widget-image\" data-id=\"1ef7234\" data-element_type=\"widget\" data-widget_type=\"image.default\">\n\t\t\t\t\t\t\t\t\t\t\t\t\t\t\t<img decoding=\"async\" width=\"65\" height=\"186\" src=\"https:\/\/jh-renov.fr\/wp-content\/uploads\/2024\/03\/main-icon.png\" class=\"attachment-full size-full wp-image-3977\" alt=\"\" \/>\t\t\t\t\t\t\t\t\t\t\t\t\t\t\t<\/div>\n\t\t\t\t<div class=\"elementor-element elementor-element-13b0ef0 elementor-icon-list--layout-inline elementor-widget__width-auto elementor-list-item-link-full_width elementor-widget elementor-widget-icon-list\" data-id=\"13b0ef0\" data-element_type=\"widget\" data-widget_type=\"icon-list.default\">\n\t\t\t\t\t\t\t<ul class=\"elementor-icon-list-items elementor-inline-items\">\n\t\t\t\t\t\t\t<li class=\"elementor-icon-list-item elementor-inline-item\">\n\t\t\t\t\t\t\t\t\t\t\t<a href=\"\/our-services\/\">\n\n\t\t\t\t\t\t\t\t\t\t\t<span class=\"elementor-icon-list-text\">Our Services<\/span>\n\t\t\t\t\t\t\t\t\t\t\t<\/a>\n\t\t\t\t\t\t\t\t\t<\/li>\n\t\t\t\t\t\t<\/ul>\n\t\t\t\t\t\t<\/div>\n\t\t\t\t<div class=\"elementor-element elementor-element-f1b1377 elementor-widget__width-initial elementor-widget elementor-widget-image\" data-id=\"f1b1377\" data-element_type=\"widget\" data-widget_type=\"image.default\">\n\t\t\t\t\t\t\t\t\t\t\t\t\t\t\t<img decoding=\"async\" width=\"65\" height=\"186\" src=\"https:\/\/jh-renov.fr\/wp-content\/uploads\/2024\/03\/main-icon.png\" class=\"attachment-full size-full wp-image-3977\" alt=\"\" \/>\t\t\t\t\t\t\t\t\t\t\t\t\t\t\t<\/div>\n\t\t\t\t<div class=\"elementor-element elementor-element-4bbefcc elementor-widget__width-auto elementor-icon-list--layout-traditional elementor-list-item-link-full_width elementor-widget elementor-widget-icon-list\" data-id=\"4bbefcc\" data-element_type=\"widget\" data-widget_type=\"icon-list.default\">\n\t\t\t\t\t\t\t<ul class=\"elementor-icon-list-items\">\n\t\t\t\t\t\t\t<li class=\"elementor-icon-list-item\">\n\t\t\t\t\t\t\t\t\t\t<span class=\"elementor-icon-list-text\">Condo Remodeling<\/span>\n\t\t\t\t\t\t\t\t\t<\/li>\n\t\t\t\t\t\t<\/ul>\n\t\t\t\t\t\t<\/div>\n\t\t\t\t\t<\/div>\n\t\t<\/div>\n\t\t\t\t\t<\/div>\n\t\t<\/section>\n\t\t\t\t<section class=\"elementor-section elementor-top-section elementor-element elementor-element-793be6b elementor-section-stretched elementor-reverse-mobile elementor-section-boxed elementor-section-height-default elementor-section-height-default\" data-id=\"793be6b\" data-element_type=\"section\" data-settings=\"{&quot;stretch_section&quot;:&quot;section-stretched&quot;}\">\n\t\t\t\t\t\t<div class=\"elementor-container elementor-column-gap-default\">\n\t\t\t\t\t<div class=\"elementor-column elementor-col-50 elementor-top-column elementor-element elementor-element-7ab28e6\" data-id=\"7ab28e6\" data-element_type=\"column\">\n\t\t\t<div class=\"elementor-widget-wrap elementor-element-populated\">\n\t\t\t\t\t\t<div class=\"elementor-element elementor-element-e7e257c hfe-nav-menu__align-justify hfe-nav-menu__breakpoint-none hfe-submenu-icon-arrow hfe-link-redirect-child elementor-widget elementor-widget-navigation-menu\" data-id=\"e7e257c\" data-element_type=\"widget\" data-settings=\"{&quot;padding_horizontal_menu_item&quot;:{&quot;unit&quot;:&quot;px&quot;,&quot;size&quot;:20,&quot;sizes&quot;:[]},&quot;padding_vertical_menu_item&quot;:{&quot;unit&quot;:&quot;px&quot;,&quot;size&quot;:20,&quot;sizes&quot;:[]},&quot;menu_space_between&quot;:{&quot;unit&quot;:&quot;px&quot;,&quot;size&quot;:2,&quot;sizes&quot;:[]},&quot;menu_space_between_tablet&quot;:{&quot;unit&quot;:&quot;px&quot;,&quot;size&quot;:2,&quot;sizes&quot;:[]},&quot;menu_space_between_mobile&quot;:{&quot;unit&quot;:&quot;px&quot;,&quot;size&quot;:2,&quot;sizes&quot;:[]},&quot;padding_horizontal_menu_item_tablet&quot;:{&quot;unit&quot;:&quot;px&quot;,&quot;size&quot;:&quot;&quot;,&quot;sizes&quot;:[]},&quot;padding_horizontal_menu_item_mobile&quot;:{&quot;unit&quot;:&quot;px&quot;,&quot;size&quot;:&quot;&quot;,&quot;sizes&quot;:[]},&quot;padding_vertical_menu_item_tablet&quot;:{&quot;unit&quot;:&quot;px&quot;,&quot;size&quot;:&quot;&quot;,&quot;sizes&quot;:[]},&quot;padding_vertical_menu_item_mobile&quot;:{&quot;unit&quot;:&quot;px&quot;,&quot;size&quot;:&quot;&quot;,&quot;sizes&quot;:[]},&quot;dropdown_border_radius&quot;:{&quot;unit&quot;:&quot;px&quot;,&quot;top&quot;:&quot;&quot;,&quot;right&quot;:&quot;&quot;,&quot;bottom&quot;:&quot;&quot;,&quot;left&quot;:&quot;&quot;,&quot;isLinked&quot;:true},&quot;dropdown_border_radius_tablet&quot;:{&quot;unit&quot;:&quot;px&quot;,&quot;top&quot;:&quot;&quot;,&quot;right&quot;:&quot;&quot;,&quot;bottom&quot;:&quot;&quot;,&quot;left&quot;:&quot;&quot;,&quot;isLinked&quot;:true},&quot;dropdown_border_radius_mobile&quot;:{&quot;unit&quot;:&quot;px&quot;,&quot;top&quot;:&quot;&quot;,&quot;right&quot;:&quot;&quot;,&quot;bottom&quot;:&quot;&quot;,&quot;left&quot;:&quot;&quot;,&quot;isLinked&quot;:true},&quot;padding_horizontal_dropdown_item&quot;:{&quot;unit&quot;:&quot;px&quot;,&quot;size&quot;:&quot;&quot;,&quot;sizes&quot;:[]},&quot;padding_horizontal_dropdown_item_tablet&quot;:{&quot;unit&quot;:&quot;px&quot;,&quot;size&quot;:&quot;&quot;,&quot;sizes&quot;:[]},&quot;padding_horizontal_dropdown_item_mobile&quot;:{&quot;unit&quot;:&quot;px&quot;,&quot;size&quot;:&quot;&quot;,&quot;sizes&quot;:[]},&quot;padding_vertical_dropdown_item&quot;:{&quot;unit&quot;:&quot;px&quot;,&quot;size&quot;:15,&quot;sizes&quot;:[]},&quot;padding_vertical_dropdown_item_tablet&quot;:{&quot;unit&quot;:&quot;px&quot;,&quot;size&quot;:&quot;&quot;,&quot;sizes&quot;:[]},&quot;padding_vertical_dropdown_item_mobile&quot;:{&quot;unit&quot;:&quot;px&quot;,&quot;size&quot;:&quot;&quot;,&quot;sizes&quot;:[]},&quot;distance_from_menu&quot;:{&quot;unit&quot;:&quot;px&quot;,&quot;size&quot;:&quot;&quot;,&quot;sizes&quot;:[]},&quot;distance_from_menu_tablet&quot;:{&quot;unit&quot;:&quot;px&quot;,&quot;size&quot;:&quot;&quot;,&quot;sizes&quot;:[]},&quot;distance_from_menu_mobile&quot;:{&quot;unit&quot;:&quot;px&quot;,&quot;size&quot;:&quot;&quot;,&quot;sizes&quot;:[]},&quot;toggle_size&quot;:{&quot;unit&quot;:&quot;px&quot;,&quot;size&quot;:&quot;&quot;,&quot;sizes&quot;:[]},&quot;toggle_size_tablet&quot;:{&quot;unit&quot;:&quot;px&quot;,&quot;size&quot;:&quot;&quot;,&quot;sizes&quot;:[]},&quot;toggle_size_mobile&quot;:{&quot;unit&quot;:&quot;px&quot;,&quot;size&quot;:&quot;&quot;,&quot;sizes&quot;:[]},&quot;toggle_border_width&quot;:{&quot;unit&quot;:&quot;px&quot;,&quot;size&quot;:&quot;&quot;,&quot;sizes&quot;:[]},&quot;toggle_border_width_tablet&quot;:{&quot;unit&quot;:&quot;px&quot;,&quot;size&quot;:&quot;&quot;,&quot;sizes&quot;:[]},&quot;toggle_border_width_mobile&quot;:{&quot;unit&quot;:&quot;px&quot;,&quot;size&quot;:&quot;&quot;,&quot;sizes&quot;:[]},&quot;toggle_border_radius&quot;:{&quot;unit&quot;:&quot;px&quot;,&quot;size&quot;:&quot;&quot;,&quot;sizes&quot;:[]},&quot;toggle_border_radius_tablet&quot;:{&quot;unit&quot;:&quot;px&quot;,&quot;size&quot;:&quot;&quot;,&quot;sizes&quot;:[]},&quot;toggle_border_radius_mobile&quot;:{&quot;unit&quot;:&quot;px&quot;,&quot;size&quot;:&quot;&quot;,&quot;sizes&quot;:[]}}\" data-widget_type=\"navigation-menu.default\">\n\t\t\t\t<div class=\"elementor-widget-container\">\n\t\t\t\t\t\t\t\t<div class=\"hfe-nav-menu hfe-layout-vertical hfe-nav-menu-layout vertical\" data-layout=\"vertical\">\n\t\t\t\t<div role=\"button\" class=\"hfe-nav-menu__toggle elementor-clickable\" tabindex=\"0\" aria-label=\"Menu Toggle\">\n\t\t\t\t\t<span class=\"screen-reader-text\">Menu<\/span>\n\t\t\t\t\t<div class=\"hfe-nav-menu-icon\">\n\t\t\t\t\t\t\t\t\t\t\t<\/div>\n\t\t\t\t<\/div>\n\t\t\t\t<nav class=\"hfe-nav-menu__layout-vertical hfe-nav-menu__submenu-arrow\" data-toggle-icon=\"\" data-close-icon=\"\" data-full-width=\"\">\n\t\t\t\t\t<ul id=\"menu-1-e7e257c\" class=\"hfe-nav-menu\"><li id=\"menu-item-6461\" class=\"menu-item menu-item-type-post_type menu-item-object-page parent hfe-creative-menu\"><a href=\"https:\/\/jh-renov.fr\/?page_id=3258\" class = \"hfe-menu-item\">NOS SERVICES<\/a><\/li>\n<li id=\"menu-item-6463\" class=\"menu-item menu-item-type-post_type menu-item-object-page parent hfe-creative-menu\"><a href=\"https:\/\/jh-renov.fr\/?page_id=3394\" class = \"hfe-menu-item\">Couverture<\/a><\/li>\n<li id=\"menu-item-6467\" class=\"menu-item menu-item-type-post_type menu-item-object-page parent hfe-creative-menu\"><a href=\"https:\/\/jh-renov.fr\/?page_id=3385\" class = \"hfe-menu-item\">Ravalement de fa\u00e7ades<\/a><\/li>\n<li id=\"menu-item-6466\" class=\"menu-item menu-item-type-post_type menu-item-object-page parent hfe-creative-menu\"><a href=\"https:\/\/jh-renov.fr\/?page_id=3387\" class = \"hfe-menu-item\">Peinture et Nettoyage<\/a><\/li>\n<li id=\"menu-item-6462\" class=\"menu-item menu-item-type-post_type menu-item-object-page parent hfe-creative-menu\"><a href=\"https:\/\/jh-renov.fr\/?page_id=3393\" class = \"hfe-menu-item\">Zinguerie et Etanch\u00e9it\u00e9<\/a><\/li>\n<\/ul> \n\t\t\t\t<\/nav>\n\t\t\t<\/div>\n\t\t\t\t\t\t\t<\/div>\n\t\t\t\t<\/div>\n\t\t\t\t\t<\/div>\n\t\t<\/div>\n\t\t\t\t<div class=\"elementor-column elementor-col-50 elementor-top-column elementor-element elementor-element-9a6e334\" data-id=\"9a6e334\" data-element_type=\"column\">\n\t\t\t<div class=\"elementor-widget-wrap elementor-element-populated\">\n\t\t\t\t\t\t<section class=\"elementor-section elementor-inner-section elementor-element elementor-element-d2e25d9 elementor-reverse-mobile elementor-section-boxed elementor-section-height-default elementor-section-height-default\" data-id=\"d2e25d9\" data-element_type=\"section\">\n\t\t\t\t\t\t<div class=\"elementor-container elementor-column-gap-default\">\n\t\t\t\t\t<div class=\"elementor-column elementor-col-50 elementor-inner-column elementor-element elementor-element-bab9c5e\" data-id=\"bab9c5e\" data-element_type=\"column\">\n\t\t\t<div class=\"elementor-widget-wrap elementor-element-populated\">\n\t\t\t\t\t\t<div class=\"elementor-element elementor-element-0ca5cac elementor-widget elementor-widget-text-editor\" data-id=\"0ca5cac\" data-element_type=\"widget\" data-widget_type=\"text-editor.default\">\n\t\t\t\t\t\t\t\t\t<h3>Installation, r\u00e9novation et r\u00e9paration de tous types de toitures (tuiles, ardoises, bac acier).<\/h3>\t\t\t\t\t\t\t\t<\/div>\n\t\t\t\t<div class=\"elementor-element elementor-element-e138cca elementor-widget elementor-widget-text-editor\" data-id=\"e138cca\" data-element_type=\"widget\" data-widget_type=\"text-editor.default\">\n\t\t\t\t\t\t\t\t\t<p id=\"changement-de-tuiles\" class=\"wp-block-heading\">CHANGEMENT DE TUILES<\/p><p>Gr\u00e2ce \u00e0 notre exp\u00e9rience et notre savoir-faire,\u00a0<strong>nous restaurons enti\u00e8rement votre toiture<\/strong>\u00a0tout en respectant un budget abordable.\u00a0<a href=\"http:\/\/antiquewhite-gazelle-840336.hostingersite.com\/contact\/\" target=\"_blank\" rel=\"noreferrer noopener\">Demandez votre devis gratuitement<\/a>\u00a0pour estimer le budget de vos travaux.<\/p>\t\t\t\t\t\t\t\t<\/div>\n\t\t\t\t<div class=\"elementor-element elementor-element-fa2b3e7 elementor-widget elementor-widget-spacer\" data-id=\"fa2b3e7\" data-element_type=\"widget\" data-widget_type=\"spacer.default\">\n\t\t\t\t\t\t\t<div class=\"elementor-spacer\">\n\t\t\t<div class=\"elementor-spacer-inner\"><\/div>\n\t\t<\/div>\n\t\t\t\t\t\t<\/div>\n\t\t\t\t<div class=\"elementor-element elementor-element-5aa7336 elementor-widget elementor-widget-text-editor\" data-id=\"5aa7336\" data-element_type=\"widget\" data-widget_type=\"text-editor.default\">\n\t\t\t\t\t\t\t\t\t<p id=\"traitement-des-charpentes\" class=\"wp-block-heading\">TRAITEMENT DES CHARPENTES<\/p><p>Nous nous chargeons du traitement de vos charpentes afin\u00a0<strong>d\u2019\u00e9liminer toute contamination qui nuirait \u00e0 la durabilit\u00e9 de votre toiture<\/strong>.<\/p>\t\t\t\t\t\t\t\t<\/div>\n\t\t\t\t\t<\/div>\n\t\t<\/div>\n\t\t\t\t<div class=\"elementor-column elementor-col-50 elementor-inner-column elementor-element elementor-element-f81fa76\" data-id=\"f81fa76\" data-element_type=\"column\">\n\t\t\t<div class=\"elementor-widget-wrap elementor-element-populated\">\n\t\t\t\t\t\t<div class=\"elementor-element elementor-element-1791ca6 elementor-widget elementor-widget-image\" data-id=\"1791ca6\" data-element_type=\"widget\" data-widget_type=\"image.default\">\n\t\t\t\t\t\t\t\t\t\t\t\t\t\t\t<img fetchpriority=\"high\" decoding=\"async\" width=\"768\" height=\"576\" src=\"https:\/\/jh-renov.fr\/wp-content\/uploads\/2020\/12\/0-600x400-1.jpg\" class=\"attachment-medium_large size-medium_large wp-image-6689\" alt=\"\" srcset=\"https:\/\/jh-renov.fr\/wp-content\/uploads\/2020\/12\/0-600x400-1.jpg 768w, https:\/\/jh-renov.fr\/wp-content\/uploads\/2020\/12\/0-600x400-1-300x225.jpg 300w, https:\/\/jh-renov.fr\/wp-content\/uploads\/2020\/12\/0-600x400-1-555x416.jpg 555w, https:\/\/jh-renov.fr\/wp-content\/uploads\/2020\/12\/0-600x400-1-100x75.jpg 100w, https:\/\/jh-renov.fr\/wp-content\/uploads\/2020\/12\/0-600x400-1-600x450.jpg 600w\" sizes=\"(max-width: 768px) 100vw, 768px\" \/>\t\t\t\t\t\t\t\t\t\t\t\t\t\t\t<\/div>\n\t\t\t\t<div class=\"elementor-element elementor-element-342ed05 elementor-widget elementor-widget-image\" data-id=\"342ed05\" data-element_type=\"widget\" data-widget_type=\"image.default\">\n\t\t\t\t\t\t\t\t\t\t\t\t\t\t\t<img decoding=\"async\" width=\"768\" height=\"572\" src=\"https:\/\/jh-renov.fr\/wp-content\/uploads\/2025\/12\/charpentes-768x572.jpg\" class=\"attachment-medium_large size-medium_large wp-image-6849\" alt=\"\" srcset=\"https:\/\/jh-renov.fr\/wp-content\/uploads\/2025\/12\/charpentes-768x572.jpg 768w, https:\/\/jh-renov.fr\/wp-content\/uploads\/2025\/12\/charpentes-300x224.jpg 300w, https:\/\/jh-renov.fr\/wp-content\/uploads\/2025\/12\/charpentes-1024x763.jpg 1024w, https:\/\/jh-renov.fr\/wp-content\/uploads\/2025\/12\/charpentes-555x414.jpg 555w, https:\/\/jh-renov.fr\/wp-content\/uploads\/2025\/12\/charpentes-100x75.jpg 100w, https:\/\/jh-renov.fr\/wp-content\/uploads\/2025\/12\/charpentes-600x447.jpg 600w, https:\/\/jh-renov.fr\/wp-content\/uploads\/2025\/12\/charpentes.jpg 1029w\" sizes=\"(max-width: 768px) 100vw, 768px\" \/>\t\t\t\t\t\t\t\t\t\t\t\t\t\t\t<\/div>\n\t\t\t\t\t<\/div>\n\t\t<\/div>\n\t\t\t\t\t<\/div>\n\t\t<\/section>\n\t\t\t\t<div class=\"elementor-element elementor-element-61288b8 elementor-widget elementor-widget-spacer\" data-id=\"61288b8\" data-element_type=\"widget\" data-widget_type=\"spacer.default\">\n\t\t\t\t\t\t\t<div class=\"elementor-spacer\">\n\t\t\t<div class=\"elementor-spacer-inner\"><\/div>\n\t\t<\/div>\n\t\t\t\t\t\t<\/div>\n\t\t\t\t<div class=\"elementor-element elementor-element-7c3d558 elementor-align-left elementor-widget elementor-widget-elementskit-button\" data-id=\"7c3d558\" data-element_type=\"widget\" data-widget_type=\"elementskit-button.default\">\n\t\t\t\t\t<div class=\"ekit-wid-con\" >\t\t<div class=\"ekit-btn-wraper\">\n\t\t\t\t\t\t\t<a href=\"https:\/\/antiquewhite-gazelle-840336.hostingersite.com\/contact-us\/\" class=\"elementskit-btn  whitespace--normal\" id=\"\">\n\t\t\t\t\tPOUR TOUS TYPES DE COUVERTURE DEMANDEZ VOTRE DEVIS GRATUIT\t\t\t\t<\/a>\n\t\t\t\t\t<\/div>\n        <\/div>\t\t\t\t<\/div>\n\t\t\t\t<div class=\"elementor-element elementor-element-5d9bb13 elementor-widget elementor-widget-spacer\" data-id=\"5d9bb13\" data-element_type=\"widget\" data-widget_type=\"spacer.default\">\n\t\t\t\t\t\t\t<div class=\"elementor-spacer\">\n\t\t\t<div class=\"elementor-spacer-inner\"><\/div>\n\t\t<\/div>\n\t\t\t\t\t\t<\/div>\n\t\t\t\t\t<\/div>\n\t\t<\/div>\n\t\t\t\t\t<\/div>\n\t\t<\/section>\n\t\t<div class=\"elementor-element elementor-element-48400b9 e-grid e-con-boxed e-con e-parent\" data-id=\"48400b9\" data-element_type=\"container\">\n\t\t\t\t\t<div class=\"e-con-inner\">\n\t\t\t\t<div class=\"elementor-element elementor-element-e309bfd elementor-widget elementor-widget-heading\" data-id=\"e309bfd\" data-element_type=\"widget\" data-widget_type=\"heading.default\">\n\t\t\t\t\t<h3 class=\"elementor-heading-title elementor-size-default\">Avant nos r\u00e9alisations<\/h3>\t\t\t\t<\/div>\n\t\t\t\t<div class=\"elementor-element elementor-element-fc7aa3f elementor-widget elementor-widget-heading\" data-id=\"fc7aa3f\" data-element_type=\"widget\" data-widget_type=\"heading.default\">\n\t\t\t\t\t<h3 class=\"elementor-heading-title elementor-size-default\">Apr\u00e8s nos r\u00e9alisations<\/h3>\t\t\t\t<\/div>\n\t\t\t\t<div class=\"elementor-element elementor-element-4c4b15b elementor-widget elementor-widget-image\" data-id=\"4c4b15b\" data-element_type=\"widget\" data-widget_type=\"image.default\">\n\t\t\t\t\t\t\t\t\t\t\t\t\t\t\t<img loading=\"lazy\" decoding=\"async\" width=\"1024\" height=\"1024\" src=\"https:\/\/jh-renov.fr\/wp-content\/uploads\/2025\/12\/couverture-avant-1024x1024.webp\" class=\"attachment-large size-large wp-image-6980\" alt=\"\" srcset=\"https:\/\/jh-renov.fr\/wp-content\/uploads\/2025\/12\/couverture-avant-1024x1024.webp 1024w, https:\/\/jh-renov.fr\/wp-content\/uploads\/2025\/12\/couverture-avant-300x300.webp 300w, https:\/\/jh-renov.fr\/wp-content\/uploads\/2025\/12\/couverture-avant-150x150.webp 150w, https:\/\/jh-renov.fr\/wp-content\/uploads\/2025\/12\/couverture-avant-768x768.webp 768w, https:\/\/jh-renov.fr\/wp-content\/uploads\/2025\/12\/couverture-avant-555x555.webp 555w, https:\/\/jh-renov.fr\/wp-content\/uploads\/2025\/12\/couverture-avant-600x600.webp 600w, https:\/\/jh-renov.fr\/wp-content\/uploads\/2025\/12\/couverture-avant-100x100.webp 100w, https:\/\/jh-renov.fr\/wp-content\/uploads\/2025\/12\/couverture-avant.webp 1468w\" sizes=\"(max-width: 1024px) 100vw, 1024px\" \/>\t\t\t\t\t\t\t\t\t\t\t\t\t\t\t<\/div>\n\t\t\t\t<div class=\"elementor-element elementor-element-a82761a elementor-widget elementor-widget-image\" data-id=\"a82761a\" data-element_type=\"widget\" data-widget_type=\"image.default\">\n\t\t\t\t\t\t\t\t\t\t\t\t\t\t\t<img loading=\"lazy\" decoding=\"async\" width=\"1024\" height=\"1024\" src=\"https:\/\/jh-renov.fr\/wp-content\/uploads\/2025\/12\/couverture-apres-1024x1024.webp\" class=\"attachment-large size-large wp-image-6981\" alt=\"\" srcset=\"https:\/\/jh-renov.fr\/wp-content\/uploads\/2025\/12\/couverture-apres-1024x1024.webp 1024w, https:\/\/jh-renov.fr\/wp-content\/uploads\/2025\/12\/couverture-apres-300x300.webp 300w, https:\/\/jh-renov.fr\/wp-content\/uploads\/2025\/12\/couverture-apres-150x150.webp 150w, https:\/\/jh-renov.fr\/wp-content\/uploads\/2025\/12\/couverture-apres-768x768.webp 768w, https:\/\/jh-renov.fr\/wp-content\/uploads\/2025\/12\/couverture-apres-555x555.webp 555w, https:\/\/jh-renov.fr\/wp-content\/uploads\/2025\/12\/couverture-apres-600x600.webp 600w, https:\/\/jh-renov.fr\/wp-content\/uploads\/2025\/12\/couverture-apres-100x100.webp 100w, https:\/\/jh-renov.fr\/wp-content\/uploads\/2025\/12\/couverture-apres.webp 1468w\" sizes=\"(max-width: 1024px) 100vw, 1024px\" \/>\t\t\t\t\t\t\t\t\t\t\t\t\t\t\t<\/div>\n\t\t\t\t\t<\/div>\n\t\t\t\t<\/div>\n\t\t\t\t<\/div>\n\t\t","protected":false},"excerpt":{"rendered":"<p>Condo Remodeling JH Renov Artisan Couvreur Our Services Condo Remodeling Menu NOS SERVICES Couverture Ravalement de fa\u00e7ades Peinture et Nettoyage Zinguerie et Etanch\u00e9it\u00e9 Installation, r\u00e9novation et r\u00e9paration de tous types de toitures (tuiles, ardoises, bac acier). CHANGEMENT DE TUILES Gr\u00e2ce \u00e0 notre exp\u00e9rience et notre savoir-faire,\u00a0nous restaurons enti\u00e8rement votre toiture\u00a0tout en respectant un budget abordable.\u00a0Demandez &hellip;<\/p>\n","protected":false},"author":1,"featured_media":0,"parent":3258,"menu_order":0,"comment_status":"closed","ping_status":"closed","template":"","meta":{"_acf_changed":false,"footnotes":""},"class_list":["post-3394","page","type-page","status-publish","hentry"],"acf":[],"_hostinger_reach_plugin_has_subscription_block":false,"_hostinger_reach_plugin_is_elementor":false,"_links":{"self":[{"href":"https:\/\/jh-renov.fr\/index.php?rest_route=\/wp\/v2\/pages\/3394","targetHints":{"allow":["GET"]}}],"collection":[{"href":"https:\/\/jh-renov.fr\/index.php?rest_route=\/wp\/v2\/pages"}],"about":[{"href":"https:\/\/jh-renov.fr\/index.php?rest_route=\/wp\/v2\/types\/page"}],"author":[{"embeddable":true,"href":"https:\/\/jh-renov.fr\/index.php?rest_route=\/wp\/v2\/users\/1"}],"replies":[{"embeddable":true,"href":"https:\/\/jh-renov.fr\/index.php?rest_route=%2Fwp%2Fv2%2Fcomments&post=3394"}],"version-history":[{"count":47,"href":"https:\/\/jh-renov.fr\/index.php?rest_route=\/wp\/v2\/pages\/3394\/revisions"}],"predecessor-version":[{"id":7202,"href":"https:\/\/jh-renov.fr\/index.php?rest_route=\/wp\/v2\/pages\/3394\/revisions\/7202"}],"up":[{"embeddable":true,"href":"https:\/\/jh-renov.fr\/index.php?rest_route=\/wp\/v2\/pages\/3258"}],"wp:attachment":[{"href":"https:\/\/jh-renov.fr\/index.php?rest_route=%2Fwp%2Fv2%2Fmedia&parent=3394"}],"curies":[{"name":"wp","href":"https:\/\/api.w.org\/{rel}","templated":true}]}}