{"id":3393,"date":"2024-03-29T05:20:54","date_gmt":"2024-03-29T05:20:54","guid":{"rendered":"https:\/\/xml-io.proteusthemes.com\/buildpress-elementor\/?page_id=3393"},"modified":"2025-12-14T14:32:47","modified_gmt":"2025-12-14T14:32:47","slug":"zinguerie-et-etancheite","status":"publish","type":"page","link":"https:\/\/jh-renov.fr\/?page_id=3393","title":{"rendered":"Zinguerie et Etanch\u00e9it\u00e9"},"content":{"rendered":"\t\t<div data-elementor-type=\"wp-page\" data-elementor-id=\"3393\" class=\"elementor elementor-3393\">\n\t\t\t\t\t\t<section class=\"elementor-section elementor-top-section elementor-element elementor-element-efc4195 elementor-section-stretched elementor-section-boxed elementor-section-height-default elementor-section-height-default\" data-id=\"efc4195\" data-element_type=\"section\" data-settings=\"{&quot;stretch_section&quot;:&quot;section-stretched&quot;,&quot;background_background&quot;:&quot;classic&quot;}\">\n\t\t\t\t\t\t<div class=\"elementor-container elementor-column-gap-default\">\n\t\t\t\t\t<div class=\"elementor-column elementor-col-100 elementor-top-column elementor-element elementor-element-a0b2cfb\" data-id=\"a0b2cfb\" data-element_type=\"column\">\n\t\t\t<div class=\"elementor-widget-wrap elementor-element-populated\">\n\t\t\t\t\t\t<div class=\"elementor-element elementor-element-9ac877a elementor-widget elementor-widget-heading\" data-id=\"9ac877a\" data-element_type=\"widget\" data-widget_type=\"heading.default\">\n\t\t\t\t\t<h1 class=\"elementor-heading-title elementor-size-default\">Hardwood Flooring<\/h1>\t\t\t\t<\/div>\n\t\t\t\t\t<\/div>\n\t\t<\/div>\n\t\t\t\t\t<\/div>\n\t\t<\/section>\n\t\t\t\t<section class=\"elementor-section elementor-top-section elementor-element elementor-element-ab07d91 elementor-section-stretched elementor-section-boxed elementor-section-height-default elementor-section-height-default\" data-id=\"ab07d91\" data-element_type=\"section\" data-settings=\"{&quot;stretch_section&quot;:&quot;section-stretched&quot;}\">\n\t\t\t\t\t\t<div class=\"elementor-container elementor-column-gap-default\">\n\t\t\t\t\t<div class=\"elementor-column elementor-col-100 elementor-top-column elementor-element elementor-element-6db54c7\" data-id=\"6db54c7\" data-element_type=\"column\">\n\t\t\t<div class=\"elementor-widget-wrap elementor-element-populated\">\n\t\t\t\t\t\t<div class=\"elementor-element elementor-element-af6be4f elementor-widget__width-auto elementor-widget-mobile__width-auto elementor-widget elementor-widget-hfe-site-title\" data-id=\"af6be4f\" data-element_type=\"widget\" data-widget_type=\"hfe-site-title.default\">\n\t\t\t\t<div class=\"elementor-widget-container\">\n\t\t\t\t\t\n\t\t<div class=\"hfe-module-content hfe-heading-wrapper elementor-widget-heading\">\n\t\t\t\t\t\t\t<a href=\"https:\/\/jh-renov.fr\">\n\t\t\t\t\t\t\t<h2 class=\"hfe-heading elementor-heading-title elementor-size-default\">\n\t\t\t\t\t\t\t\t\t<span class=\"hfe-heading-text\" >\n\t\t\t\t\t\t\t\t\t\tJH Renov Artisan Couvreur\t\t\t\t\t\t\t\t\t\t<\/span>\t\t\t\n\t\t\t<\/h2>\n\t\t\t<\/a>\t\t\n\t\t<\/div>\n\t\t\t\t\t\t<\/div>\n\t\t\t\t<\/div>\n\t\t\t\t<div class=\"elementor-element elementor-element-1a2c12e elementor-widget__width-initial elementor-widget elementor-widget-image\" data-id=\"1a2c12e\" data-element_type=\"widget\" data-widget_type=\"image.default\">\n\t\t\t\t\t\t\t\t\t\t\t\t\t\t\t<img decoding=\"async\" width=\"65\" height=\"186\" src=\"https:\/\/jh-renov.fr\/wp-content\/uploads\/2024\/03\/main-icon.png\" class=\"attachment-large size-large wp-image-3977\" alt=\"\" \/>\t\t\t\t\t\t\t\t\t\t\t\t\t\t\t<\/div>\n\t\t\t\t<div class=\"elementor-element elementor-element-c9bd41a elementor-icon-list--layout-inline elementor-widget__width-auto elementor-list-item-link-full_width elementor-widget elementor-widget-icon-list\" data-id=\"c9bd41a\" data-element_type=\"widget\" data-widget_type=\"icon-list.default\">\n\t\t\t\t\t\t\t<ul class=\"elementor-icon-list-items elementor-inline-items\">\n\t\t\t\t\t\t\t<li class=\"elementor-icon-list-item elementor-inline-item\">\n\t\t\t\t\t\t\t\t\t\t\t<a href=\"\/our-services\/\">\n\n\t\t\t\t\t\t\t\t\t\t\t<span class=\"elementor-icon-list-text\">Our Services<\/span>\n\t\t\t\t\t\t\t\t\t\t\t<\/a>\n\t\t\t\t\t\t\t\t\t<\/li>\n\t\t\t\t\t\t<\/ul>\n\t\t\t\t\t\t<\/div>\n\t\t\t\t<div class=\"elementor-element elementor-element-c104082 elementor-widget__width-initial elementor-widget elementor-widget-image\" data-id=\"c104082\" data-element_type=\"widget\" data-widget_type=\"image.default\">\n\t\t\t\t\t\t\t\t\t\t\t\t\t\t\t<img decoding=\"async\" width=\"65\" height=\"186\" src=\"https:\/\/jh-renov.fr\/wp-content\/uploads\/2024\/03\/main-icon.png\" class=\"attachment-large size-large wp-image-3977\" alt=\"\" \/>\t\t\t\t\t\t\t\t\t\t\t\t\t\t\t<\/div>\n\t\t\t\t<div class=\"elementor-element elementor-element-0165261 elementor-widget__width-auto elementor-icon-list--layout-traditional elementor-list-item-link-full_width elementor-widget elementor-widget-icon-list\" data-id=\"0165261\" data-element_type=\"widget\" data-widget_type=\"icon-list.default\">\n\t\t\t\t\t\t\t<ul class=\"elementor-icon-list-items\">\n\t\t\t\t\t\t\t<li class=\"elementor-icon-list-item\">\n\t\t\t\t\t\t\t\t\t\t<span class=\"elementor-icon-list-text\">Hardwood Flooring<\/span>\n\t\t\t\t\t\t\t\t\t<\/li>\n\t\t\t\t\t\t<\/ul>\n\t\t\t\t\t\t<\/div>\n\t\t\t\t\t<\/div>\n\t\t<\/div>\n\t\t\t\t\t<\/div>\n\t\t<\/section>\n\t\t\t\t<section class=\"elementor-section elementor-top-section elementor-element elementor-element-20e1e27 elementor-section-stretched elementor-reverse-mobile elementor-section-boxed elementor-section-height-default elementor-section-height-default\" data-id=\"20e1e27\" data-element_type=\"section\" data-settings=\"{&quot;stretch_section&quot;:&quot;section-stretched&quot;}\">\n\t\t\t\t\t\t<div class=\"elementor-container elementor-column-gap-default\">\n\t\t\t\t\t<div class=\"elementor-column elementor-col-50 elementor-top-column elementor-element elementor-element-766341d\" data-id=\"766341d\" data-element_type=\"column\">\n\t\t\t<div class=\"elementor-widget-wrap elementor-element-populated\">\n\t\t\t\t\t\t<div class=\"elementor-element elementor-element-6c4ee87 hfe-nav-menu__align-justify hfe-nav-menu__breakpoint-none hfe-submenu-icon-arrow hfe-link-redirect-child elementor-widget elementor-widget-navigation-menu\" data-id=\"6c4ee87\" data-element_type=\"widget\" data-settings=\"{&quot;padding_horizontal_menu_item&quot;:{&quot;unit&quot;:&quot;px&quot;,&quot;size&quot;:20,&quot;sizes&quot;:[]},&quot;padding_vertical_menu_item&quot;:{&quot;unit&quot;:&quot;px&quot;,&quot;size&quot;:20,&quot;sizes&quot;:[]},&quot;menu_space_between&quot;:{&quot;unit&quot;:&quot;px&quot;,&quot;size&quot;:2,&quot;sizes&quot;:[]},&quot;menu_space_between_tablet&quot;:{&quot;unit&quot;:&quot;px&quot;,&quot;size&quot;:2,&quot;sizes&quot;:[]},&quot;menu_space_between_mobile&quot;:{&quot;unit&quot;:&quot;px&quot;,&quot;size&quot;:2,&quot;sizes&quot;:[]},&quot;padding_horizontal_menu_item_tablet&quot;:{&quot;unit&quot;:&quot;px&quot;,&quot;size&quot;:&quot;&quot;,&quot;sizes&quot;:[]},&quot;padding_horizontal_menu_item_mobile&quot;:{&quot;unit&quot;:&quot;px&quot;,&quot;size&quot;:&quot;&quot;,&quot;sizes&quot;:[]},&quot;padding_vertical_menu_item_tablet&quot;:{&quot;unit&quot;:&quot;px&quot;,&quot;size&quot;:&quot;&quot;,&quot;sizes&quot;:[]},&quot;padding_vertical_menu_item_mobile&quot;:{&quot;unit&quot;:&quot;px&quot;,&quot;size&quot;:&quot;&quot;,&quot;sizes&quot;:[]},&quot;dropdown_border_radius&quot;:{&quot;unit&quot;:&quot;px&quot;,&quot;top&quot;:&quot;&quot;,&quot;right&quot;:&quot;&quot;,&quot;bottom&quot;:&quot;&quot;,&quot;left&quot;:&quot;&quot;,&quot;isLinked&quot;:true},&quot;dropdown_border_radius_tablet&quot;:{&quot;unit&quot;:&quot;px&quot;,&quot;top&quot;:&quot;&quot;,&quot;right&quot;:&quot;&quot;,&quot;bottom&quot;:&quot;&quot;,&quot;left&quot;:&quot;&quot;,&quot;isLinked&quot;:true},&quot;dropdown_border_radius_mobile&quot;:{&quot;unit&quot;:&quot;px&quot;,&quot;top&quot;:&quot;&quot;,&quot;right&quot;:&quot;&quot;,&quot;bottom&quot;:&quot;&quot;,&quot;left&quot;:&quot;&quot;,&quot;isLinked&quot;:true},&quot;padding_horizontal_dropdown_item&quot;:{&quot;unit&quot;:&quot;px&quot;,&quot;size&quot;:&quot;&quot;,&quot;sizes&quot;:[]},&quot;padding_horizontal_dropdown_item_tablet&quot;:{&quot;unit&quot;:&quot;px&quot;,&quot;size&quot;:&quot;&quot;,&quot;sizes&quot;:[]},&quot;padding_horizontal_dropdown_item_mobile&quot;:{&quot;unit&quot;:&quot;px&quot;,&quot;size&quot;:&quot;&quot;,&quot;sizes&quot;:[]},&quot;padding_vertical_dropdown_item&quot;:{&quot;unit&quot;:&quot;px&quot;,&quot;size&quot;:15,&quot;sizes&quot;:[]},&quot;padding_vertical_dropdown_item_tablet&quot;:{&quot;unit&quot;:&quot;px&quot;,&quot;size&quot;:&quot;&quot;,&quot;sizes&quot;:[]},&quot;padding_vertical_dropdown_item_mobile&quot;:{&quot;unit&quot;:&quot;px&quot;,&quot;size&quot;:&quot;&quot;,&quot;sizes&quot;:[]},&quot;distance_from_menu&quot;:{&quot;unit&quot;:&quot;px&quot;,&quot;size&quot;:&quot;&quot;,&quot;sizes&quot;:[]},&quot;distance_from_menu_tablet&quot;:{&quot;unit&quot;:&quot;px&quot;,&quot;size&quot;:&quot;&quot;,&quot;sizes&quot;:[]},&quot;distance_from_menu_mobile&quot;:{&quot;unit&quot;:&quot;px&quot;,&quot;size&quot;:&quot;&quot;,&quot;sizes&quot;:[]},&quot;toggle_size&quot;:{&quot;unit&quot;:&quot;px&quot;,&quot;size&quot;:&quot;&quot;,&quot;sizes&quot;:[]},&quot;toggle_size_tablet&quot;:{&quot;unit&quot;:&quot;px&quot;,&quot;size&quot;:&quot;&quot;,&quot;sizes&quot;:[]},&quot;toggle_size_mobile&quot;:{&quot;unit&quot;:&quot;px&quot;,&quot;size&quot;:&quot;&quot;,&quot;sizes&quot;:[]},&quot;toggle_border_width&quot;:{&quot;unit&quot;:&quot;px&quot;,&quot;size&quot;:&quot;&quot;,&quot;sizes&quot;:[]},&quot;toggle_border_width_tablet&quot;:{&quot;unit&quot;:&quot;px&quot;,&quot;size&quot;:&quot;&quot;,&quot;sizes&quot;:[]},&quot;toggle_border_width_mobile&quot;:{&quot;unit&quot;:&quot;px&quot;,&quot;size&quot;:&quot;&quot;,&quot;sizes&quot;:[]},&quot;toggle_border_radius&quot;:{&quot;unit&quot;:&quot;px&quot;,&quot;size&quot;:&quot;&quot;,&quot;sizes&quot;:[]},&quot;toggle_border_radius_tablet&quot;:{&quot;unit&quot;:&quot;px&quot;,&quot;size&quot;:&quot;&quot;,&quot;sizes&quot;:[]},&quot;toggle_border_radius_mobile&quot;:{&quot;unit&quot;:&quot;px&quot;,&quot;size&quot;:&quot;&quot;,&quot;sizes&quot;:[]}}\" data-widget_type=\"navigation-menu.default\">\n\t\t\t\t<div class=\"elementor-widget-container\">\n\t\t\t\t\t\t\t\t<div class=\"hfe-nav-menu hfe-layout-vertical hfe-nav-menu-layout vertical\" data-layout=\"vertical\">\n\t\t\t\t<div role=\"button\" class=\"hfe-nav-menu__toggle elementor-clickable\" tabindex=\"0\" aria-label=\"Menu Toggle\">\n\t\t\t\t\t<span class=\"screen-reader-text\">Menu<\/span>\n\t\t\t\t\t<div class=\"hfe-nav-menu-icon\">\n\t\t\t\t\t\t\t\t\t\t\t<\/div>\n\t\t\t\t<\/div>\n\t\t\t\t<nav class=\"hfe-nav-menu__layout-vertical hfe-nav-menu__submenu-arrow\" data-toggle-icon=\"\" data-close-icon=\"\" data-full-width=\"\">\n\t\t\t\t\t<ul id=\"menu-1-6c4ee87\" class=\"hfe-nav-menu\"><li id=\"menu-item-6461\" class=\"menu-item menu-item-type-post_type menu-item-object-page parent hfe-creative-menu\"><a href=\"https:\/\/jh-renov.fr\/?page_id=3258\" class = \"hfe-menu-item\">NOS SERVICES<\/a><\/li>\n<li id=\"menu-item-6463\" class=\"menu-item menu-item-type-post_type menu-item-object-page parent hfe-creative-menu\"><a href=\"https:\/\/jh-renov.fr\/?page_id=3394\" class = \"hfe-menu-item\">Couverture<\/a><\/li>\n<li id=\"menu-item-6467\" class=\"menu-item menu-item-type-post_type menu-item-object-page parent hfe-creative-menu\"><a href=\"https:\/\/jh-renov.fr\/?page_id=3385\" class = \"hfe-menu-item\">Ravalement de fa\u00e7ades<\/a><\/li>\n<li id=\"menu-item-6466\" class=\"menu-item menu-item-type-post_type menu-item-object-page parent hfe-creative-menu\"><a href=\"https:\/\/jh-renov.fr\/?page_id=3387\" class = \"hfe-menu-item\">Peinture et Nettoyage<\/a><\/li>\n<li id=\"menu-item-6462\" class=\"menu-item menu-item-type-post_type menu-item-object-page parent hfe-creative-menu\"><a href=\"https:\/\/jh-renov.fr\/?page_id=3393\" class = \"hfe-menu-item\">Zinguerie et Etanch\u00e9it\u00e9<\/a><\/li>\n<\/ul> \n\t\t\t\t<\/nav>\n\t\t\t<\/div>\n\t\t\t\t\t\t\t<\/div>\n\t\t\t\t<\/div>\n\t\t\t\t\t<\/div>\n\t\t<\/div>\n\t\t\t\t<div class=\"elementor-column elementor-col-50 elementor-top-column elementor-element elementor-element-67fb24d\" data-id=\"67fb24d\" data-element_type=\"column\">\n\t\t\t<div class=\"elementor-widget-wrap elementor-element-populated\">\n\t\t\t\t\t\t<section class=\"elementor-section elementor-inner-section elementor-element elementor-element-29f03ad elementor-section-boxed elementor-section-height-default elementor-section-height-default\" data-id=\"29f03ad\" data-element_type=\"section\">\n\t\t\t\t\t\t<div class=\"elementor-container elementor-column-gap-default\">\n\t\t\t\t\t<div class=\"elementor-column elementor-col-50 elementor-inner-column elementor-element elementor-element-d954072\" data-id=\"d954072\" data-element_type=\"column\">\n\t\t\t<div class=\"elementor-widget-wrap elementor-element-populated\">\n\t\t\t\t\t\t<div class=\"elementor-element elementor-element-0f7d7cf elementor-widget elementor-widget-text-editor\" data-id=\"0f7d7cf\" data-element_type=\"widget\" data-widget_type=\"text-editor.default\">\n\t\t\t\t\t\t\t\t\t<h3 id=\"travaux-de-zinguerie\" class=\"wp-block-heading\">Travaux de zinguerie et d&#8217;\u00e9tanch\u00e9it\u00e9<\/h3><p>La\u00a0zinguerie\u00a0de\u00a0vos\u00a0toits\u00a0permettra d\u2019\u00e9vacuer\u00a0efficacement les eaux de pluie.\u00a0Le soin\u00a0apport\u00e9\u00a0dans\u00a0<strong>la s\u00e9lection des mat\u00e9riaux et dans nos travaux vous apportera une protection\u00a0durable<\/strong>.<\/p><p>Nous r\u00e9alisons et posons\u00a0:\u00a0<strong>goutti\u00e8re, descente d\u2019eau, rivepied de chemin\u00e9e, fa\u00eetage en closoir, ch\u00e9neau et autres pi\u00e8ces sur-mesure.<\/strong><\/p>\t\t\t\t\t\t\t\t<\/div>\n\t\t\t\t\t<\/div>\n\t\t<\/div>\n\t\t\t\t<div class=\"elementor-column elementor-col-50 elementor-inner-column elementor-element elementor-element-4eade29\" data-id=\"4eade29\" data-element_type=\"column\">\n\t\t\t<div class=\"elementor-widget-wrap elementor-element-populated\">\n\t\t\t\t\t\t<div class=\"elementor-element elementor-element-87ba41b elementor-widget elementor-widget-image\" data-id=\"87ba41b\" data-element_type=\"widget\" data-widget_type=\"image.default\">\n\t\t\t\t\t\t\t\t\t\t\t\t\t\t\t<img fetchpriority=\"high\" decoding=\"async\" width=\"1439\" height=\"1040\" src=\"https:\/\/jh-renov.fr\/wp-content\/uploads\/2025\/12\/zinguerie.webp\" class=\"attachment-full size-full wp-image-6891\" alt=\"\" srcset=\"https:\/\/jh-renov.fr\/wp-content\/uploads\/2025\/12\/zinguerie.webp 1439w, https:\/\/jh-renov.fr\/wp-content\/uploads\/2025\/12\/zinguerie-300x217.webp 300w, https:\/\/jh-renov.fr\/wp-content\/uploads\/2025\/12\/zinguerie-1024x740.webp 1024w, https:\/\/jh-renov.fr\/wp-content\/uploads\/2025\/12\/zinguerie-768x555.webp 768w, https:\/\/jh-renov.fr\/wp-content\/uploads\/2025\/12\/zinguerie-555x401.webp 555w, https:\/\/jh-renov.fr\/wp-content\/uploads\/2025\/12\/zinguerie-600x434.webp 600w\" sizes=\"(max-width: 1439px) 100vw, 1439px\" \/>\t\t\t\t\t\t\t\t\t\t\t\t\t\t\t<\/div>\n\t\t\t\t\t<\/div>\n\t\t<\/div>\n\t\t\t\t\t<\/div>\n\t\t<\/section>\n\t\t\t\t<div class=\"elementor-element elementor-element-833aabf elementor-widget elementor-widget-spacer\" data-id=\"833aabf\" data-element_type=\"widget\" data-widget_type=\"spacer.default\">\n\t\t\t\t\t\t\t<div class=\"elementor-spacer\">\n\t\t\t<div class=\"elementor-spacer-inner\"><\/div>\n\t\t<\/div>\n\t\t\t\t\t\t<\/div>\n\t\t\t\t<div class=\"elementor-element elementor-element-2191317 elementor-align-left elementor-widget elementor-widget-elementskit-button\" data-id=\"2191317\" data-element_type=\"widget\" data-widget_type=\"elementskit-button.default\">\n\t\t\t\t\t<div class=\"ekit-wid-con\" >\t\t<div class=\"ekit-btn-wraper\">\n\t\t\t\t\t\t\t<a href=\"https:\/\/antiquewhite-gazelle-840336.hostingersite.com\/contact-us\/\" class=\"elementskit-btn  whitespace--normal\" id=\"\">\n\t\t\t\t\tPOUR TOUS TRAVAUX DE ZINGUERIE DEMANDEZ VOTRE DEVIS GRATUIT\t\t\t\t<\/a>\n\t\t\t\t\t<\/div>\n        <\/div>\t\t\t\t<\/div>\n\t\t\t\t<div class=\"elementor-element elementor-element-7525e27 elementor-widget elementor-widget-spacer\" data-id=\"7525e27\" data-element_type=\"widget\" data-widget_type=\"spacer.default\">\n\t\t\t\t\t\t\t<div class=\"elementor-spacer\">\n\t\t\t<div class=\"elementor-spacer-inner\"><\/div>\n\t\t<\/div>\n\t\t\t\t\t\t<\/div>\n\t\t\t\t\t<\/div>\n\t\t<\/div>\n\t\t\t\t\t<\/div>\n\t\t<\/section>\n\t\t<div class=\"elementor-element elementor-element-abd0c42 e-flex e-con-boxed e-con e-parent\" data-id=\"abd0c42\" data-element_type=\"container\">\n\t\t\t\t\t<div class=\"e-con-inner\">\n\t\t\t\t<div class=\"elementor-element elementor-element-6de0177 elementor-widget elementor-widget-heading\" data-id=\"6de0177\" data-element_type=\"widget\" data-widget_type=\"heading.default\">\n\t\t\t\t\t<h3 class=\"elementor-heading-title elementor-size-default\">NOS R\u00c9ALISATIONS<\/h3>\t\t\t\t<\/div>\n\t\t\t\t\t<\/div>\n\t\t\t\t<\/div>\n\t\t<div class=\"elementor-element elementor-element-a477590 e-flex e-con-boxed e-con e-parent\" data-id=\"a477590\" data-element_type=\"container\">\n\t\t\t\t\t<div class=\"e-con-inner\">\n\t\t<div class=\"elementor-element elementor-element-fb2504c e-con-full e-flex e-con e-child\" data-id=\"fb2504c\" data-element_type=\"container\">\n\t\t\t\t<div class=\"elementor-element elementor-element-a368b47 elementor-widget elementor-widget-image\" data-id=\"a368b47\" data-element_type=\"widget\" data-widget_type=\"image.default\">\n\t\t\t\t\t\t\t\t\t\t\t\t\t\t\t<img decoding=\"async\" width=\"800\" height=\"532\" src=\"https:\/\/jh-renov.fr\/wp-content\/uploads\/2025\/12\/IMG_7994.jpeg\" class=\"attachment-large size-large wp-image-7290\" alt=\"\" srcset=\"https:\/\/jh-renov.fr\/wp-content\/uploads\/2025\/12\/IMG_7994.jpeg 800w, https:\/\/jh-renov.fr\/wp-content\/uploads\/2025\/12\/IMG_7994-300x200.jpeg 300w, https:\/\/jh-renov.fr\/wp-content\/uploads\/2025\/12\/IMG_7994-768x511.jpeg 768w, https:\/\/jh-renov.fr\/wp-content\/uploads\/2025\/12\/IMG_7994-555x369.jpeg 555w, https:\/\/jh-renov.fr\/wp-content\/uploads\/2025\/12\/IMG_7994-600x399.jpeg 600w\" sizes=\"(max-width: 800px) 100vw, 800px\" \/>\t\t\t\t\t\t\t\t\t\t\t\t\t\t\t<\/div>\n\t\t\t\t<\/div>\n\t\t<div class=\"elementor-element elementor-element-4782603 e-con-full e-flex e-con e-child\" data-id=\"4782603\" data-element_type=\"container\">\n\t\t\t\t<div class=\"elementor-element elementor-element-c4321dc elementor-widget elementor-widget-image\" data-id=\"c4321dc\" data-element_type=\"widget\" data-widget_type=\"image.default\">\n\t\t\t\t\t\t\t\t\t\t\t\t\t\t\t<img loading=\"lazy\" decoding=\"async\" width=\"1024\" height=\"683\" src=\"https:\/\/jh-renov.fr\/wp-content\/uploads\/2025\/12\/IMG_7996-1024x683.jpg\" class=\"attachment-large size-large wp-image-7286\" alt=\"\" srcset=\"https:\/\/jh-renov.fr\/wp-content\/uploads\/2025\/12\/IMG_7996-1024x683.jpg 1024w, https:\/\/jh-renov.fr\/wp-content\/uploads\/2025\/12\/IMG_7996-300x200.jpg 300w, https:\/\/jh-renov.fr\/wp-content\/uploads\/2025\/12\/IMG_7996-768x512.jpg 768w, https:\/\/jh-renov.fr\/wp-content\/uploads\/2025\/12\/IMG_7996-555x370.jpg 555w, https:\/\/jh-renov.fr\/wp-content\/uploads\/2025\/12\/IMG_7996-600x400.jpg 600w, https:\/\/jh-renov.fr\/wp-content\/uploads\/2025\/12\/IMG_7996.jpg 1536w\" sizes=\"(max-width: 1024px) 100vw, 1024px\" \/>\t\t\t\t\t\t\t\t\t\t\t\t\t\t\t<\/div>\n\t\t\t\t<\/div>\n\t\t\t\t\t<\/div>\n\t\t\t\t<\/div>\n\t\t\t\t<\/div>\n\t\t","protected":false},"excerpt":{"rendered":"<p>Hardwood Flooring JH Renov Artisan Couvreur Our Services Hardwood Flooring Menu NOS SERVICES Couverture Ravalement de fa\u00e7ades Peinture et Nettoyage Zinguerie et Etanch\u00e9it\u00e9 Travaux de zinguerie et d&#8217;\u00e9tanch\u00e9it\u00e9 La\u00a0zinguerie\u00a0de\u00a0vos\u00a0toits\u00a0permettra d\u2019\u00e9vacuer\u00a0efficacement les eaux de pluie.\u00a0Le soin\u00a0apport\u00e9\u00a0dans\u00a0la s\u00e9lection des mat\u00e9riaux et dans nos travaux vous apportera une protection\u00a0durable. Nous r\u00e9alisons et posons\u00a0:\u00a0goutti\u00e8re, descente d\u2019eau, rivepied de chemin\u00e9e, &hellip;<\/p>\n","protected":false},"author":1,"featured_media":0,"parent":3258,"menu_order":0,"comment_status":"closed","ping_status":"closed","template":"","meta":{"_acf_changed":false,"footnotes":""},"class_list":["post-3393","page","type-page","status-publish","hentry"],"acf":[],"_hostinger_reach_plugin_has_subscription_block":false,"_hostinger_reach_plugin_is_elementor":false,"_links":{"self":[{"href":"https:\/\/jh-renov.fr\/index.php?rest_route=\/wp\/v2\/pages\/3393","targetHints":{"allow":["GET"]}}],"collection":[{"href":"https:\/\/jh-renov.fr\/index.php?rest_route=\/wp\/v2\/pages"}],"about":[{"href":"https:\/\/jh-renov.fr\/index.php?rest_route=\/wp\/v2\/types\/page"}],"author":[{"embeddable":true,"href":"https:\/\/jh-renov.fr\/index.php?rest_route=\/wp\/v2\/users\/1"}],"replies":[{"embeddable":true,"href":"https:\/\/jh-renov.fr\/index.php?rest_route=%2Fwp%2Fv2%2Fcomments&post=3393"}],"version-history":[{"count":37,"href":"https:\/\/jh-renov.fr\/index.php?rest_route=\/wp\/v2\/pages\/3393\/revisions"}],"predecessor-version":[{"id":7293,"href":"https:\/\/jh-renov.fr\/index.php?rest_route=\/wp\/v2\/pages\/3393\/revisions\/7293"}],"up":[{"embeddable":true,"href":"https:\/\/jh-renov.fr\/index.php?rest_route=\/wp\/v2\/pages\/3258"}],"wp:attachment":[{"href":"https:\/\/jh-renov.fr\/index.php?rest_route=%2Fwp%2Fv2%2Fmedia&parent=3393"}],"curies":[{"name":"wp","href":"https:\/\/api.w.org\/{rel}","templated":true}]}}