{"id":3120,"date":"2024-03-28T10:33:26","date_gmt":"2024-03-28T10:33:26","guid":{"rendered":"https:\/\/xml-io.proteusthemes.com\/buildpress-elementor\/?page_id=3120"},"modified":"2025-12-10T17:13:30","modified_gmt":"2025-12-10T17:13:30","slug":"qui-sommes-nous","status":"publish","type":"page","link":"https:\/\/jh-renov.fr\/?page_id=3120","title":{"rendered":"Qui sommes-nous"},"content":{"rendered":"\t\t<div data-elementor-type=\"wp-page\" data-elementor-id=\"3120\" class=\"elementor elementor-3120\">\n\t\t\t\t\t\t<section class=\"elementor-section elementor-top-section elementor-element elementor-element-c517f38 elementor-section-stretched elementor-section-boxed elementor-section-height-default elementor-section-height-default\" data-id=\"c517f38\" data-element_type=\"section\" data-settings=\"{&quot;stretch_section&quot;:&quot;section-stretched&quot;,&quot;background_background&quot;:&quot;classic&quot;}\">\n\t\t\t\t\t\t<div class=\"elementor-container elementor-column-gap-default\">\n\t\t\t\t\t<div class=\"elementor-column elementor-col-100 elementor-top-column elementor-element elementor-element-acf02aa\" data-id=\"acf02aa\" data-element_type=\"column\" data-settings=\"{&quot;background_background&quot;:&quot;classic&quot;}\">\n\t\t\t<div class=\"elementor-widget-wrap elementor-element-populated\">\n\t\t\t\t\t\t<div class=\"elementor-element elementor-element-c03cc95 elementor-widget elementor-widget-heading\" data-id=\"c03cc95\" data-element_type=\"widget\" data-widget_type=\"heading.default\">\n\t\t\t\t\t<h1 class=\"elementor-heading-title elementor-size-default\">About Us<\/h1>\t\t\t\t<\/div>\n\t\t\t\t<div class=\"elementor-element elementor-element-cfa3954 elementor-widget-divider--view-line elementor-widget elementor-widget-divider\" data-id=\"cfa3954\" data-element_type=\"widget\" data-widget_type=\"divider.default\">\n\t\t\t\t\t\t\t<div class=\"elementor-divider\">\n\t\t\t<span class=\"elementor-divider-separator\">\n\t\t\t\t\t\t<\/span>\n\t\t<\/div>\n\t\t\t\t\t\t<\/div>\n\t\t\t\t<div class=\"elementor-element elementor-element-a9e2374 elementor-widget elementor-widget-heading\" data-id=\"a9e2374\" data-element_type=\"widget\" data-widget_type=\"heading.default\">\n\t\t\t\t\t<h3 class=\"elementor-heading-title elementor-size-default\">Un artisan passionn\u00e9, au service de votre habitat.<\/h3>\t\t\t\t<\/div>\n\t\t\t\t\t<\/div>\n\t\t<\/div>\n\t\t\t\t\t<\/div>\n\t\t<\/section>\n\t\t\t\t<section class=\"elementor-section elementor-top-section elementor-element elementor-element-1e96242 elementor-section-stretched elementor-section-boxed elementor-section-height-default elementor-section-height-default\" data-id=\"1e96242\" data-element_type=\"section\" data-settings=\"{&quot;stretch_section&quot;:&quot;section-stretched&quot;}\">\n\t\t\t\t\t\t<div class=\"elementor-container elementor-column-gap-default\">\n\t\t\t\t\t<div class=\"elementor-column elementor-col-100 elementor-top-column elementor-element elementor-element-97146a5\" data-id=\"97146a5\" data-element_type=\"column\">\n\t\t\t<div class=\"elementor-widget-wrap elementor-element-populated\">\n\t\t\t\t\t\t<div class=\"elementor-element elementor-element-745ab22 elementor-widget__width-auto elementor-widget-mobile__width-auto elementor-widget elementor-widget-hfe-site-title\" data-id=\"745ab22\" data-element_type=\"widget\" data-widget_type=\"hfe-site-title.default\">\n\t\t\t\t<div class=\"elementor-widget-container\">\n\t\t\t\t\t\n\t\t<div class=\"hfe-module-content hfe-heading-wrapper elementor-widget-heading\">\n\t\t\t\t\t\t\t<a href=\"https:\/\/jh-renov.fr\">\n\t\t\t\t\t\t\t<h2 class=\"hfe-heading elementor-heading-title elementor-size-default\">\n\t\t\t\t\t\t\t\t\t<span class=\"hfe-heading-text\" >\n\t\t\t\t\t\t\t\t\t\tJH Renov Artisan Couvreur\t\t\t\t\t\t\t\t\t\t<\/span>\t\t\t\n\t\t\t<\/h2>\n\t\t\t<\/a>\t\t\n\t\t<\/div>\n\t\t\t\t\t\t<\/div>\n\t\t\t\t<\/div>\n\t\t\t\t<div class=\"elementor-element elementor-element-76e982f elementor-widget__width-initial elementor-widget elementor-widget-image\" data-id=\"76e982f\" data-element_type=\"widget\" data-widget_type=\"image.default\">\n\t\t\t\t\t\t\t\t\t\t\t\t\t\t\t<img decoding=\"async\" width=\"65\" height=\"186\" src=\"https:\/\/jh-renov.fr\/wp-content\/uploads\/2024\/03\/main-icon.png\" class=\"attachment-full size-full wp-image-3977\" alt=\"\" \/>\t\t\t\t\t\t\t\t\t\t\t\t\t\t\t<\/div>\n\t\t\t\t<div class=\"elementor-element elementor-element-f83d686 elementor-widget__width-auto elementor-icon-list--layout-traditional elementor-list-item-link-full_width elementor-widget elementor-widget-icon-list\" data-id=\"f83d686\" data-element_type=\"widget\" data-widget_type=\"icon-list.default\">\n\t\t\t\t\t\t\t<ul class=\"elementor-icon-list-items\">\n\t\t\t\t\t\t\t<li class=\"elementor-icon-list-item\">\n\t\t\t\t\t\t\t\t\t\t<span class=\"elementor-icon-list-text\">About Us<\/span>\n\t\t\t\t\t\t\t\t\t<\/li>\n\t\t\t\t\t\t<\/ul>\n\t\t\t\t\t\t<\/div>\n\t\t\t\t\t<\/div>\n\t\t<\/div>\n\t\t\t\t\t<\/div>\n\t\t<\/section>\n\t\t\t\t<section class=\"elementor-section elementor-top-section elementor-element elementor-element-31a886be elementor-reverse-mobile elementor-section-stretched elementor-section-boxed elementor-section-height-default elementor-section-height-default\" data-id=\"31a886be\" data-element_type=\"section\" data-settings=\"{&quot;stretch_section&quot;:&quot;section-stretched&quot;}\">\n\t\t\t\t\t\t<div class=\"elementor-container elementor-column-gap-default\">\n\t\t\t\t\t<div class=\"elementor-column elementor-col-50 elementor-top-column elementor-element elementor-element-1d37cb07\" data-id=\"1d37cb07\" data-element_type=\"column\">\n\t\t\t<div class=\"elementor-widget-wrap elementor-element-populated\">\n\t\t\t\t\t\t<div class=\"elementor-element elementor-element-57d92424 elementor-widget elementor-widget-text-editor\" data-id=\"57d92424\" data-element_type=\"widget\" data-widget_type=\"text-editor.default\">\n\t\t\t\t\t\t\t\t\t<p>Bas\u00e9e dans la r\u00e9gion,\u00a0<strong>JH R\u00e9nov<\/strong>\u00a0est une entreprise artisanale reconnue pour son\u00a0<strong>savoir-faire, sa rigueur et son engagement<\/strong>. Nous vous accompagnons dans tous vos projets de\u00a0<strong>toiture, ravalement et isolation<\/strong>, en vous garantissant un service\u00a0<strong>efficace et rapide<\/strong>.<\/p>\t\t\t\t\t\t\t\t<\/div>\n\t\t\t\t<div class=\"elementor-element elementor-element-50181bda elementor-widget elementor-widget-text-editor\" data-id=\"50181bda\" data-element_type=\"widget\" data-widget_type=\"text-editor.default\">\n\t\t\t\t\t\t\t\t\t<p>&#8220;Notre objectif est d&#8217;offrir \u00e0 chaque client un r\u00e9sultat solide, esth\u00e9tique et durable. Nous traitons chaque maison avec le m\u00eame engagement de qualit\u00e9.&#8221;<\/p>\t\t\t\t\t\t\t\t<\/div>\n\t\t\t\t<div class=\"elementor-element elementor-element-3d95abdb elementor-widget elementor-widget-text-editor\" data-id=\"3d95abdb\" data-element_type=\"widget\" data-widget_type=\"text-editor.default\">\n\t\t\t\t\t\t\t\t\t<p><strong>Points Forts de JH-Renov :<\/strong><\/p><ul><li class=\"u-break-words ps-[2px] hide-loading-dot\"><strong>Devis et D\u00e9placements Gratuits<\/strong><\/li><li class=\"u-break-words ps-[2px] hide-loading-dot\"><strong>Urgence 24h\/24 et 7j\/7<\/strong><\/li><li class=\"u-break-words ps-[2px] hide-loading-dot\"><strong>Respect des D\u00e9lais<\/strong><\/li><\/ul>\t\t\t\t\t\t\t\t<\/div>\n\t\t\t\t\t<\/div>\n\t\t<\/div>\n\t\t\t\t<div class=\"elementor-column elementor-col-50 elementor-top-column elementor-element elementor-element-23979e60\" data-id=\"23979e60\" data-element_type=\"column\">\n\t\t\t<div class=\"elementor-widget-wrap elementor-element-populated\">\n\t\t\t\t\t\t<div class=\"elementor-element elementor-element-8d2a3d3 elementor-widget elementor-widget-image\" data-id=\"8d2a3d3\" data-element_type=\"widget\" data-widget_type=\"image.default\">\n\t\t\t\t\t\t\t\t\t\t\t\t\t\t\t<img fetchpriority=\"high\" decoding=\"async\" width=\"512\" height=\"512\" src=\"https:\/\/jh-renov.fr\/wp-content\/uploads\/2025\/12\/cropped-1E137902-A2C7-49DF-BA2B-926FBE038855.jpg\" class=\"attachment-full size-full wp-image-7236\" alt=\"\" srcset=\"https:\/\/jh-renov.fr\/wp-content\/uploads\/2025\/12\/cropped-1E137902-A2C7-49DF-BA2B-926FBE038855.jpg 512w, https:\/\/jh-renov.fr\/wp-content\/uploads\/2025\/12\/cropped-1E137902-A2C7-49DF-BA2B-926FBE038855-300x300.jpg 300w, https:\/\/jh-renov.fr\/wp-content\/uploads\/2025\/12\/cropped-1E137902-A2C7-49DF-BA2B-926FBE038855-150x150.jpg 150w, https:\/\/jh-renov.fr\/wp-content\/uploads\/2025\/12\/cropped-1E137902-A2C7-49DF-BA2B-926FBE038855-100x100.jpg 100w, https:\/\/jh-renov.fr\/wp-content\/uploads\/2025\/12\/cropped-1E137902-A2C7-49DF-BA2B-926FBE038855-270x270.jpg 270w, https:\/\/jh-renov.fr\/wp-content\/uploads\/2025\/12\/cropped-1E137902-A2C7-49DF-BA2B-926FBE038855-192x192.jpg 192w, https:\/\/jh-renov.fr\/wp-content\/uploads\/2025\/12\/cropped-1E137902-A2C7-49DF-BA2B-926FBE038855-180x180.jpg 180w, https:\/\/jh-renov.fr\/wp-content\/uploads\/2025\/12\/cropped-1E137902-A2C7-49DF-BA2B-926FBE038855-32x32.jpg 32w\" sizes=\"(max-width: 512px) 100vw, 512px\" \/>\t\t\t\t\t\t\t\t\t\t\t\t\t\t\t<\/div>\n\t\t\t\t\t<\/div>\n\t\t<\/div>\n\t\t\t\t\t<\/div>\n\t\t<\/section>\n\t\t\t\t<\/div>\n\t\t","protected":false},"excerpt":{"rendered":"<p>About Us Un artisan passionn\u00e9, au service de votre habitat. JH Renov Artisan Couvreur About Us Bas\u00e9e dans la r\u00e9gion,\u00a0JH R\u00e9nov\u00a0est une entreprise artisanale reconnue pour son\u00a0savoir-faire, sa rigueur et son engagement. Nous vous accompagnons dans tous vos projets de\u00a0toiture, ravalement et isolation, en vous garantissant un service\u00a0efficace et rapide. &#8220;Notre objectif est d&#8217;offrir \u00e0 &hellip;<\/p>\n","protected":false},"author":1,"featured_media":0,"parent":0,"menu_order":0,"comment_status":"closed","ping_status":"closed","template":"","meta":{"_acf_changed":false,"footnotes":""},"class_list":["post-3120","page","type-page","status-publish","hentry"],"acf":[],"_hostinger_reach_plugin_has_subscription_block":false,"_hostinger_reach_plugin_is_elementor":false,"_links":{"self":[{"href":"https:\/\/jh-renov.fr\/index.php?rest_route=\/wp\/v2\/pages\/3120","targetHints":{"allow":["GET"]}}],"collection":[{"href":"https:\/\/jh-renov.fr\/index.php?rest_route=\/wp\/v2\/pages"}],"about":[{"href":"https:\/\/jh-renov.fr\/index.php?rest_route=\/wp\/v2\/types\/page"}],"author":[{"embeddable":true,"href":"https:\/\/jh-renov.fr\/index.php?rest_route=\/wp\/v2\/users\/1"}],"replies":[{"embeddable":true,"href":"https:\/\/jh-renov.fr\/index.php?rest_route=%2Fwp%2Fv2%2Fcomments&post=3120"}],"version-history":[{"count":11,"href":"https:\/\/jh-renov.fr\/index.php?rest_route=\/wp\/v2\/pages\/3120\/revisions"}],"predecessor-version":[{"id":7249,"href":"https:\/\/jh-renov.fr\/index.php?rest_route=\/wp\/v2\/pages\/3120\/revisions\/7249"}],"wp:attachment":[{"href":"https:\/\/jh-renov.fr\/index.php?rest_route=%2Fwp%2Fv2%2Fmedia&parent=3120"}],"curies":[{"name":"wp","href":"https:\/\/api.w.org\/{rel}","templated":true}]}}