{"id":3,"date":"2025-11-21T16:30:59","date_gmt":"2025-11-21T16:30:59","guid":{"rendered":"https:\/\/jh-renov.fr\/?page_id=3"},"modified":"2025-12-22T14:09:45","modified_gmt":"2025-12-22T14:09:45","slug":"privacy-policy","status":"publish","type":"page","link":"https:\/\/jh-renov.fr\/?page_id=3","title":{"rendered":"Politique de la vie priv\u00e9e"},"content":{"rendered":"\t\t<div data-elementor-type=\"wp-page\" data-elementor-id=\"3\" class=\"elementor elementor-3\">\n\t\t\t\t<div class=\"elementor-element elementor-element-2edfaba e-flex e-con-boxed e-con e-parent\" data-id=\"2edfaba\" data-element_type=\"container\">\n\t\t\t\t\t<div class=\"e-con-inner\">\n\t\t\t\t<div class=\"elementor-element elementor-element-35bbcccf elementor-widget elementor-widget-text-editor\" data-id=\"35bbcccf\" data-element_type=\"widget\" data-widget_type=\"text-editor.default\">\n\t\t\t\t\t\t\t\t\t\n<p data-start=\"40\" data-end=\"59\"><strong data-start=\"40\" data-end=\"59\">Qui nous sommes<\/strong><\/p>\n<p data-start=\"61\" data-end=\"127\">Texte sugg\u00e9r\u00e9 : L\u2019adresse de notre site est : <a class=\"decorated-link\" href=\"https:\/\/jh-renov.fr\" target=\"_new\" rel=\"noopener\" data-start=\"107\" data-end=\"126\">https:\/\/jh-renov.fr<\/a>.<\/p>\n<p data-start=\"129\" data-end=\"145\"><strong data-start=\"129\" data-end=\"145\">Commentaires<\/strong><\/p>\n<p data-start=\"147\" data-end=\"440\">Texte sugg\u00e9r\u00e9 : Lorsque les visiteurs laissent des commentaires sur le site, nous collectons les donn\u00e9es indiqu\u00e9es dans le formulaire de commentaire, ainsi que l\u2019adresse IP du visiteur et la cha\u00eene de l\u2019agent utilisateur du navigateur afin d\u2019aider \u00e0 la d\u00e9tection des commentaires ind\u00e9sirables.<\/p>\n<p data-start=\"442\" data-end=\"836\">Une cha\u00eene anonymis\u00e9e cr\u00e9\u00e9e \u00e0 partir de votre adresse e-mail (\u00e9galement appel\u00e9e hash) peut \u00eatre transmise au service Gravatar afin de v\u00e9rifier si vous l\u2019utilisez. La politique de confidentialit\u00e9 du service Gravatar est disponible ici : <a class=\"decorated-link\" href=\"https:\/\/automattic.com\/privacy\/\" target=\"_new\" rel=\"noopener\" data-start=\"678\" data-end=\"709\">https:\/\/automattic.com\/privacy\/<\/a>. Apr\u00e8s validation de votre commentaire, votre photo de profil sera visible publiquement dans le contexte de votre commentaire.<\/p>\n<p data-start=\"838\" data-end=\"848\"><strong data-start=\"838\" data-end=\"848\">M\u00e9dias<\/strong><\/p>\n<p data-start=\"850\" data-end=\"1126\">Texte sugg\u00e9r\u00e9 : Si vous t\u00e9l\u00e9versez des images sur le site, nous vous conseillons d\u2019\u00e9viter d\u2019y inclure des donn\u00e9es de localisation int\u00e9gr\u00e9es (EXIF GPS). Les visiteurs du site peuvent t\u00e9l\u00e9charger et extraire ces donn\u00e9es de localisation \u00e0 partir des images pr\u00e9sentes sur le site.<\/p>\n<p data-start=\"1128\" data-end=\"1139\"><strong data-start=\"1128\" data-end=\"1139\">Cookies<\/strong><\/p>\n<p data-start=\"1141\" data-end=\"1486\">Texte sugg\u00e9r\u00e9 : Si vous laissez un commentaire sur notre site, il vous sera propos\u00e9 d\u2019enregistrer votre nom, votre adresse e-mail et votre site web dans des cookies. Ces cookies sont l\u00e0 pour votre confort afin de ne pas avoir \u00e0 ressaisir ces informations si vous laissez un autre commentaire ult\u00e9rieurement. Ces cookies expirent au bout d\u2019un an.<\/p>\n<p data-start=\"1488\" data-end=\"1716\">Si vous visitez la page de connexion, un cookie temporaire sera cr\u00e9\u00e9 afin de d\u00e9terminer si votre navigateur accepte les cookies. Ce cookie ne contient aucune donn\u00e9e personnelle et est supprim\u00e9 \u00e0 la fermeture de votre navigateur.<\/p>\n<p data-start=\"1718\" data-end=\"2143\">Lorsque vous vous connectez, nous mettons en place plusieurs cookies pour enregistrer vos informations de connexion et vos pr\u00e9f\u00e9rences d\u2019affichage \u00e0 l\u2019\u00e9cran. Les cookies de connexion durent deux jours et les cookies d\u2019options d\u2019\u00e9cran durent un an. Si vous cochez \u00ab Se souvenir de moi \u00bb, votre connexion sera maintenue pendant deux semaines. Si vous vous d\u00e9connectez de votre compte, les cookies de connexion seront supprim\u00e9s.<\/p>\n<p data-start=\"2145\" data-end=\"2402\">Si vous modifiez ou publiez un article, un cookie suppl\u00e9mentaire sera enregistr\u00e9 dans votre navigateur. Ce cookie ne contient aucune donn\u00e9e personnelle et indique simplement l\u2019identifiant de l\u2019article que vous venez de modifier. Il expire au bout d\u2019un jour.<\/p>\n<p data-start=\"2404\" data-end=\"2446\"><strong data-start=\"2404\" data-end=\"2446\">Contenu embarqu\u00e9 depuis d\u2019autres sites<\/strong><\/p>\n<p data-start=\"2448\" data-end=\"2709\">Texte sugg\u00e9r\u00e9 : Les articles de ce site peuvent inclure des contenus int\u00e9gr\u00e9s (par exemple des vid\u00e9os, images, articles, etc.). Le contenu int\u00e9gr\u00e9 depuis d\u2019autres sites se comporte de la m\u00eame mani\u00e8re que si le visiteur se rendait directement sur cet autre site.<\/p>\n<p data-start=\"2711\" data-end=\"2981\">Ces sites web peuvent collecter des donn\u00e9es vous concernant, utiliser des cookies, int\u00e9grer des outils de suivi tiers et suivre vos interactions avec ces contenus int\u00e9gr\u00e9s, y compris le suivi de vos interactions si vous disposez d\u2019un compte et \u00eates connect\u00e9 \u00e0 leur site.<\/p>\n<p data-start=\"2983\" data-end=\"3023\"><strong data-start=\"2983\" data-end=\"3023\">Avec qui nous partageons vos donn\u00e9es<\/strong><\/p>\n<p data-start=\"3025\" data-end=\"3166\">Texte sugg\u00e9r\u00e9 : Si vous demandez une r\u00e9initialisation de votre mot de passe, votre adresse IP sera incluse dans l\u2019e-mail de r\u00e9initialisation.<\/p>\n<p data-start=\"3168\" data-end=\"3205\"><strong data-start=\"3168\" data-end=\"3205\">Dur\u00e9es de stockage de vos donn\u00e9es<\/strong><\/p>\n<p data-start=\"3207\" data-end=\"3452\">Texte sugg\u00e9r\u00e9 : Si vous laissez un commentaire, le commentaire et ses m\u00e9tadonn\u00e9es sont conserv\u00e9s ind\u00e9finiment. Cela permet de reconna\u00eetre et d\u2019approuver automatiquement les commentaires suivants au lieu de les laisser dans la file de mod\u00e9ration.<\/p>\n<p data-start=\"3454\" data-end=\"3847\">Pour les utilisateurs qui s\u2019inscrivent sur notre site (le cas \u00e9ch\u00e9ant), nous stockons \u00e9galement les informations personnelles indiqu\u00e9es dans leur profil utilisateur. Tous les utilisateurs peuvent voir, modifier ou supprimer leurs informations personnelles \u00e0 tout moment (\u00e0 l\u2019exception de leur nom d\u2019utilisateur). Les administrateurs du site peuvent \u00e9galement voir et modifier ces informations.<\/p>\n<p data-start=\"3849\" data-end=\"3893\"><strong data-start=\"3849\" data-end=\"3893\">Les droits que vous avez sur vos donn\u00e9es<\/strong><\/p>\n<p data-start=\"3895\" data-end=\"4347\">Texte sugg\u00e9r\u00e9 : Si vous avez un compte ou si vous avez laiss\u00e9 des commentaires sur ce site, vous pouvez demander \u00e0 recevoir un fichier export\u00e9 des donn\u00e9es personnelles que nous d\u00e9tenons \u00e0 votre sujet, y compris celles que vous nous avez fournies. Vous pouvez \u00e9galement demander la suppression des donn\u00e9es personnelles vous concernant. Cela ne prend pas en compte les donn\u00e9es stock\u00e9es \u00e0 des fins administratives, l\u00e9gales ou pour des raisons de s\u00e9curit\u00e9.<\/p>\n<p data-start=\"4349\" data-end=\"4381\"><strong data-start=\"4349\" data-end=\"4381\">O\u00f9 vos donn\u00e9es sont envoy\u00e9es<\/strong><\/p>\n<p data-start=\"4383\" data-end=\"4528\" data-is-last-node=\"\" data-is-only-node=\"\">Texte sugg\u00e9r\u00e9 : Les commentaires des visiteurs peuvent \u00eatre v\u00e9rifi\u00e9s \u00e0 l\u2019aide d\u2019un service automatis\u00e9 de d\u00e9tection des commentaires ind\u00e9sirables.<\/p>\n\n<p>\u00a0<\/p>\t\t\t\t\t\t\t\t<\/div>\n\t\t\t\t\t<\/div>\n\t\t\t\t<\/div>\n\t\t\t\t<\/div>\n\t\t","protected":false},"excerpt":{"rendered":"<p>Qui nous sommes Texte sugg\u00e9r\u00e9 : L\u2019adresse de notre site est : https:\/\/jh-renov.fr. Commentaires Texte sugg\u00e9r\u00e9 : Lorsque les visiteurs laissent des commentaires sur le site, nous collectons les donn\u00e9es indiqu\u00e9es dans le formulaire de commentaire, ainsi que l\u2019adresse IP du visiteur et la cha\u00eene de l\u2019agent utilisateur du navigateur afin d\u2019aider \u00e0 la d\u00e9tection &hellip;<\/p>\n","protected":false},"author":1,"featured_media":0,"parent":0,"menu_order":0,"comment_status":"closed","ping_status":"open","template":"","meta":{"_acf_changed":false,"footnotes":""},"class_list":["post-3","page","type-page","status-publish","hentry"],"acf":[],"_hostinger_reach_plugin_has_subscription_block":false,"_hostinger_reach_plugin_is_elementor":false,"_links":{"self":[{"href":"https:\/\/jh-renov.fr\/index.php?rest_route=\/wp\/v2\/pages\/3","targetHints":{"allow":["GET"]}}],"collection":[{"href":"https:\/\/jh-renov.fr\/index.php?rest_route=\/wp\/v2\/pages"}],"about":[{"href":"https:\/\/jh-renov.fr\/index.php?rest_route=\/wp\/v2\/types\/page"}],"author":[{"embeddable":true,"href":"https:\/\/jh-renov.fr\/index.php?rest_route=\/wp\/v2\/users\/1"}],"replies":[{"embeddable":true,"href":"https:\/\/jh-renov.fr\/index.php?rest_route=%2Fwp%2Fv2%2Fcomments&post=3"}],"version-history":[{"count":4,"href":"https:\/\/jh-renov.fr\/index.php?rest_route=\/wp\/v2\/pages\/3\/revisions"}],"predecessor-version":[{"id":7309,"href":"https:\/\/jh-renov.fr\/index.php?rest_route=\/wp\/v2\/pages\/3\/revisions\/7309"}],"wp:attachment":[{"href":"https:\/\/jh-renov.fr\/index.php?rest_route=%2Fwp%2Fv2%2Fmedia&parent=3"}],"curies":[{"name":"wp","href":"https:\/\/api.w.org\/{rel}","templated":true}]}}